{"id":24488,"date":"2023-02-15T09:09:42","date_gmt":"2023-02-15T09:09:42","guid":{"rendered":"https:\/\/rhepa.se\/?page_id=24488"},"modified":"2026-02-11T14:39:15","modified_gmt":"2026-02-11T14:39:15","slug":"vetenskapligt-rad","status":"publish","type":"page","link":"https:\/\/rhepa.se\/en\/vetenskapligt-rad\/","title":{"rendered":"Scientific Advisory Board"},"content":{"rendered":"<div data-elementor-type=\"wp-page\" data-elementor-id=\"24488\" class=\"elementor elementor-24488\" data-elementor-post-type=\"page\">\n\t\t\t\t<div class=\"elementor-element elementor-element-221416e e-con-full hero-mask-bg e-flex e-con e-parent\" data-id=\"221416e\" data-element_type=\"container\" data-e-type=\"container\" data-settings=\"{&quot;background_background&quot;:&quot;classic&quot;}\">\n\t\t\t\t<\/div>\n\t\t<div class=\"elementor-element elementor-element-da96c4f e-flex e-con-boxed e-con e-parent\" data-id=\"da96c4f\" data-element_type=\"container\" data-e-type=\"container\" data-settings=\"{&quot;background_background&quot;:&quot;classic&quot;}\">\n\t\t\t\t\t<div class=\"e-con-inner\">\n\t\t<div class=\"elementor-element elementor-element-6ae3346 e-con-full e-flex e-con e-child\" data-id=\"6ae3346\" data-element_type=\"container\" data-e-type=\"container\">\n\t\t<div class=\"elementor-element elementor-element-f601fc8 e-con-full e-flex e-con e-child\" data-id=\"f601fc8\" data-element_type=\"container\" data-e-type=\"container\">\n\t\t\t\t<div class=\"elementor-element elementor-element-420ea1a elementor-widget elementor-widget-heading\" data-id=\"420ea1a\" data-element_type=\"widget\" data-e-type=\"widget\" data-widget_type=\"heading.default\">\n\t\t\t\t<div class=\"elementor-widget-container\">\n\t\t\t\t\t<h1 class=\"elementor-heading-title elementor-size-default\">Scientific Advisory Board<\/h1>\t\t\t\t<\/div>\n\t\t\t\t<\/div>\n\t\t\t\t<\/div>\n\t\t\t\t<\/div>\n\t\t<div class=\"elementor-element elementor-element-f0cecda e-con-full e-flex e-con e-child\" data-id=\"f0cecda\" data-element_type=\"container\" data-e-type=\"container\">\n\t\t\t\t<div class=\"elementor-element elementor-element-674053a elementor-widget elementor-widget-text-editor\" data-id=\"674053a\" data-element_type=\"widget\" data-e-type=\"widget\" data-widget_type=\"text-editor.default\">\n\t\t\t\t<div class=\"elementor-widget-container\">\n\t\t\t\t\t\t\t\t\t<p>Our Scientific Advisory Board consists of eminent medical experts, professors and doctors with deep specialist knowledge within different medical fields. The board members each have their own broad global network of medical experts. In total, hundereds of experts and researchers at scientific institutions are included around the world in this extended network. This gives the portfolio managers opportunity to gain deeper insights and understanding, and to access the latest research.&nbsp;<\/p>\n<p class=\"MsoNormal\"><span lang=\"SV\">The work is led by its chair, Professor Sten Nilsson, with Henrik Rhenman as rapporteur.<\/span><\/p>\t\t\t\t\t\t\t\t<\/div>\n\t\t\t\t<\/div>\n\t\t\t\t<\/div>\n\t\t\t\t\t<\/div>\n\t\t\t\t<\/div>\n\t\t<div class=\"elementor-element elementor-element-bb9d8ed e-flex e-con-boxed e-con e-parent\" data-id=\"bb9d8ed\" data-element_type=\"container\" data-e-type=\"container\" data-settings=\"{&quot;background_background&quot;:&quot;classic&quot;}\">\n\t\t\t\t\t<div class=\"e-con-inner\">\n\t\t<div class=\"elementor-element elementor-element-9ed5a5b e-grid e-con-full e-con e-child\" data-id=\"9ed5a5b\" data-element_type=\"container\" data-e-type=\"container\">\n\t\t<div class=\"elementor-element elementor-element-cad44a2 e-con-full e-flex e-con e-child\" data-id=\"cad44a2\" data-element_type=\"container\" data-e-type=\"container\">\n\t\t<div class=\"elementor-element elementor-element-3b192f6 e-con-full e-flex e-con e-child\" data-id=\"3b192f6\" data-element_type=\"container\" data-e-type=\"container\" data-settings=\"{&quot;background_background&quot;:&quot;classic&quot;}\">\n\t\t\t\t<\/div>\n\t\t<div class=\"elementor-element elementor-element-d10e704 e-con-full e-flex e-con e-child\" data-id=\"d10e704\" data-element_type=\"container\" data-e-type=\"container\">\n\t\t\t\t<div class=\"elementor-element elementor-element-64f1771 elementor-widget elementor-widget-heading\" data-id=\"64f1771\" data-element_type=\"widget\" data-e-type=\"widget\" data-widget_type=\"heading.default\">\n\t\t\t\t<div class=\"elementor-widget-container\">\n\t\t\t\t\t<div class=\"elementor-heading-title elementor-size-default\">Professor Sten Nilsson\n<\/div>\t\t\t\t<\/div>\n\t\t\t\t<\/div>\n\t\t\t\t<div class=\"elementor-element elementor-element-3403ad0 elementor-widget elementor-widget-heading\" data-id=\"3403ad0\" data-element_type=\"widget\" data-e-type=\"widget\" data-widget_type=\"heading.default\">\n\t\t\t\t<div class=\"elementor-widget-container\">\n\t\t\t\t\t<div class=\"elementor-heading-title elementor-size-default\">Chairman \/ Professor emeritus of Oncology\n\n<\/div>\t\t\t\t<\/div>\n\t\t\t\t<\/div>\n\t\t\t\t<\/div>\n\t\t<div class=\"elementor-element elementor-element-2790f0e e-con-full e-flex e-con e-child\" data-id=\"2790f0e\" data-element_type=\"container\" data-e-type=\"container\">\n\t\t\t\t<div class=\"elementor-element elementor-element-bb6bf35 elementor-widget elementor-widget-text-editor\" data-id=\"bb6bf35\" data-element_type=\"widget\" data-e-type=\"widget\" data-widget_type=\"text-editor.default\">\n\t\t\t\t<div class=\"elementor-widget-container\">\n\t\t\t\t\t\t\t\t\t<p>Professor emeritus of Oncology and affiliated with Karolinska Institutet. Specialist in oncology and nuclear medicine. Former chairman of the Swedish Society of Oncology (SOF), the Swedish Society for Nuclear Medicine (SFNM) and the Swedish Society of Urological Oncology (SFUO). Sten has published more than 200 original papers in the scientific literature.<\/p>\t\t\t\t\t\t\t\t<\/div>\n\t\t\t\t<\/div>\n\t\t\t\t<\/div>\n\t\t\t\t<\/div>\n\t\t<div class=\"elementor-element elementor-element-4a9011b e-con-full e-flex e-con e-child\" data-id=\"4a9011b\" data-element_type=\"container\" data-e-type=\"container\">\n\t\t<div class=\"elementor-element elementor-element-294a949 e-con-full e-flex e-con e-child\" data-id=\"294a949\" data-element_type=\"container\" data-e-type=\"container\" data-settings=\"{&quot;background_background&quot;:&quot;classic&quot;}\">\n\t\t\t\t<\/div>\n\t\t<div class=\"elementor-element elementor-element-b12089a e-con-full e-flex e-con e-child\" data-id=\"b12089a\" data-element_type=\"container\" data-e-type=\"container\">\n\t\t\t\t<div class=\"elementor-element elementor-element-cb4e2ea elementor-widget elementor-widget-heading\" data-id=\"cb4e2ea\" data-element_type=\"widget\" data-e-type=\"widget\" data-widget_type=\"heading.default\">\n\t\t\t\t<div class=\"elementor-widget-container\">\n\t\t\t\t\t<div class=\"elementor-heading-title elementor-size-default\">Professor Peter Arner\n<\/div>\t\t\t\t<\/div>\n\t\t\t\t<\/div>\n\t\t\t\t<div class=\"elementor-element elementor-element-205c9cb elementor-widget elementor-widget-heading\" data-id=\"205c9cb\" data-element_type=\"widget\" data-e-type=\"widget\" data-widget_type=\"heading.default\">\n\t\t\t\t<div class=\"elementor-widget-container\">\n\t\t\t\t\t<div class=\"elementor-heading-title elementor-size-default\">Professor of Medicine\n\n<\/div>\t\t\t\t<\/div>\n\t\t\t\t<\/div>\n\t\t\t\t<\/div>\n\t\t<div class=\"elementor-element elementor-element-1f8149e e-con-full e-flex e-con e-child\" data-id=\"1f8149e\" data-element_type=\"container\" data-e-type=\"container\">\n\t\t\t\t<div class=\"elementor-element elementor-element-17b3065 elementor-widget elementor-widget-text-editor\" data-id=\"17b3065\" data-element_type=\"widget\" data-e-type=\"widget\" data-widget_type=\"text-editor.default\">\n\t\t\t\t<div class=\"elementor-widget-container\">\n\t\t\t\t\t\t\t\t\t<p>Distinguished professor at Karolinska Institutet. Expert physician and scientist in metabolism and endocrinology. Started Lipid Laboratory at Karolinska Institutet performing research on metabolic diseases with focus on human adipose tissue. His current studies are on long-term effects of disturbed human fat cell function.<\/p>\t\t\t\t\t\t\t\t<\/div>\n\t\t\t\t<\/div>\n\t\t\t\t<\/div>\n\t\t\t\t<\/div>\n\t\t<div class=\"elementor-element elementor-element-d810253 e-con-full e-flex e-con e-child\" data-id=\"d810253\" data-element_type=\"container\" data-e-type=\"container\">\n\t\t<div class=\"elementor-element elementor-element-ce0f568 e-con-full e-flex e-con e-child\" data-id=\"ce0f568\" data-element_type=\"container\" data-e-type=\"container\" data-settings=\"{&quot;background_background&quot;:&quot;classic&quot;}\">\n\t\t\t\t<\/div>\n\t\t<div class=\"elementor-element elementor-element-4084c6a e-con-full e-flex e-con e-child\" data-id=\"4084c6a\" data-element_type=\"container\" data-e-type=\"container\">\n\t\t\t\t<div class=\"elementor-element elementor-element-49e6db8 elementor-widget elementor-widget-heading\" data-id=\"49e6db8\" data-element_type=\"widget\" data-e-type=\"widget\" data-widget_type=\"heading.default\">\n\t\t\t\t<div class=\"elementor-widget-container\">\n\t\t\t\t\t<div class=\"elementor-heading-title elementor-size-default\">Professor Jan Lundberg\n<\/div>\t\t\t\t<\/div>\n\t\t\t\t<\/div>\n\t\t\t\t<div class=\"elementor-element elementor-element-0853900 elementor-widget elementor-widget-heading\" data-id=\"0853900\" data-element_type=\"widget\" data-e-type=\"widget\" data-widget_type=\"heading.default\">\n\t\t\t\t<div class=\"elementor-widget-container\">\n\t\t\t\t\t<div class=\"elementor-heading-title elementor-size-default\">Professor of Neurotransmission\n\n<\/div>\t\t\t\t<\/div>\n\t\t\t\t<\/div>\n\t\t\t\t<\/div>\n\t\t<div class=\"elementor-element elementor-element-d240492 e-con-full e-flex e-con e-child\" data-id=\"d240492\" data-element_type=\"container\" data-e-type=\"container\">\n\t\t\t\t<div class=\"elementor-element elementor-element-a4e110f elementor-widget elementor-widget-text-editor\" data-id=\"a4e110f\" data-element_type=\"widget\" data-e-type=\"widget\" data-widget_type=\"text-editor.default\">\n\t\t\t\t<div class=\"elementor-widget-container\">\n\t\t\t\t\t\t\t\t\t<p>Previous professor of neurotransmission at the Pharmaceutical Faculty, Karolinska Institutet, and honorary doctor at the Pharmaceutical Faculty, Uppsala University, with more than 500 publications of scientific original articles. Recipient of the Fernstr\u00f6m and Jahre awards. Previous head of research for AstraZeneca and Global R&amp;D president for Eli Lilly. Has been involved in bringing 25 new medicines to regulatory approval and patients including several blockbusters. Cofounder of Aerocrine AB and currently a board member of 6 different biotechnology companies.<\/p>\t\t\t\t\t\t\t\t<\/div>\n\t\t\t\t<\/div>\n\t\t\t\t<\/div>\n\t\t\t\t<\/div>\n\t\t<div class=\"elementor-element elementor-element-f6d45a8 e-con-full e-flex e-con e-child\" data-id=\"f6d45a8\" data-element_type=\"container\" data-e-type=\"container\">\n\t\t<div class=\"elementor-element elementor-element-15575be e-con-full e-flex e-con e-child\" data-id=\"15575be\" data-element_type=\"container\" data-e-type=\"container\" data-settings=\"{&quot;background_background&quot;:&quot;classic&quot;}\">\n\t\t\t\t<\/div>\n\t\t<div class=\"elementor-element elementor-element-e1fd100 e-con-full e-flex e-con e-child\" data-id=\"e1fd100\" data-element_type=\"container\" data-e-type=\"container\">\n\t\t\t\t<div class=\"elementor-element elementor-element-cd668c7 elementor-widget elementor-widget-heading\" data-id=\"cd668c7\" data-element_type=\"widget\" data-e-type=\"widget\" data-widget_type=\"heading.default\">\n\t\t\t\t<div class=\"elementor-widget-container\">\n\t\t\t\t\t<div class=\"elementor-heading-title elementor-size-default\">Dr. Fredrik Swahn\n<\/div>\t\t\t\t<\/div>\n\t\t\t\t<\/div>\n\t\t\t\t<div class=\"elementor-element elementor-element-7c5484a elementor-widget elementor-widget-heading\" data-id=\"7c5484a\" data-element_type=\"widget\" data-e-type=\"widget\" data-widget_type=\"heading.default\">\n\t\t\t\t<div class=\"elementor-widget-container\">\n\t\t\t\t\t<div class=\"elementor-heading-title elementor-size-default\">Doctor of Medicine\n\n<\/div>\t\t\t\t<\/div>\n\t\t\t\t<\/div>\n\t\t\t\t<\/div>\n\t\t<div class=\"elementor-element elementor-element-ffdfe69 e-con-full e-flex e-con e-child\" data-id=\"ffdfe69\" data-element_type=\"container\" data-e-type=\"container\">\n\t\t\t\t<div class=\"elementor-element elementor-element-fde956f elementor-widget elementor-widget-text-editor\" data-id=\"fde956f\" data-element_type=\"widget\" data-e-type=\"widget\" data-widget_type=\"text-editor.default\">\n\t\t\t\t<div class=\"elementor-widget-container\">\n\t\t\t\t\t\t\t\t\t<p>MD, PhD. Karolinska University Hospital Huddinge, Karolinska Comprehensive Cancer Center, Section for Upper GI. Dissertation at Karolinska Institute 2012. Board member in the scientific research group (ANDRE) within the Scandinavian Association for Digestive Endoscopy (SADE), previous chairman of the Endoscopy Committee of Swedish Association of Gastroenterology, faculty member of the European Society of Gastrointestinal Endoscopy (ESGE). For 23 years, clinically active as specialist in surgery, senior consultant with focus towards endoluminal surgery and also lecturing and organizing courses within the same topics.<\/p>\t\t\t\t\t\t\t\t<\/div>\n\t\t\t\t<\/div>\n\t\t\t\t<\/div>\n\t\t\t\t<\/div>\n\t\t<div class=\"elementor-element elementor-element-a1fd725 e-con-full e-flex e-con e-child\" data-id=\"a1fd725\" data-element_type=\"container\" data-e-type=\"container\">\n\t\t<div class=\"elementor-element elementor-element-8f69197 e-con-full e-flex e-con e-child\" data-id=\"8f69197\" data-element_type=\"container\" data-e-type=\"container\" data-settings=\"{&quot;background_background&quot;:&quot;classic&quot;}\">\n\t\t\t\t<\/div>\n\t\t<div class=\"elementor-element elementor-element-02f6c65 e-con-full e-flex e-con e-child\" data-id=\"02f6c65\" data-element_type=\"container\" data-e-type=\"container\">\n\t\t\t\t<div class=\"elementor-element elementor-element-a8d57a4 elementor-widget elementor-widget-heading\" data-id=\"a8d57a4\" data-element_type=\"widget\" data-e-type=\"widget\" data-widget_type=\"heading.default\">\n\t\t\t\t<div class=\"elementor-widget-container\">\n\t\t\t\t\t<div class=\"elementor-heading-title elementor-size-default\">Professor Tomas Olsson\n<\/div>\t\t\t\t<\/div>\n\t\t\t\t<\/div>\n\t\t\t\t<div class=\"elementor-element elementor-element-73da55b elementor-widget elementor-widget-heading\" data-id=\"73da55b\" data-element_type=\"widget\" data-e-type=\"widget\" data-widget_type=\"heading.default\">\n\t\t\t\t<div class=\"elementor-widget-container\">\n\t\t\t\t\t<div class=\"elementor-heading-title elementor-size-default\">Professor of Neurology\n\n<\/div>\t\t\t\t<\/div>\n\t\t\t\t<\/div>\n\t\t\t\t<\/div>\n\t\t<div class=\"elementor-element elementor-element-6bbf4f6 e-con-full e-flex e-con e-child\" data-id=\"6bbf4f6\" data-element_type=\"container\" data-e-type=\"container\">\n\t\t\t\t<div class=\"elementor-element elementor-element-0168f03 elementor-widget elementor-widget-text-editor\" data-id=\"0168f03\" data-element_type=\"widget\" data-e-type=\"widget\" data-widget_type=\"text-editor.default\">\n\t\t\t\t<div class=\"elementor-widget-container\">\n\t\t\t\t\t\t\t\t\t<p>Professor of Neurology at Karolinska Institutet. Expert within the areas of auto-immune diseases and diseases of the nervous system. Has received several awards including the Fernstr\u00f6m Prize for young scientists. Has received a lifetime award for excellent MS research by the European Committee for the research and treatment of multiple sclerosis (ECTRIMS). Previously president for the International Society for Neuroimmunology (ISNI). Has published more than 600 articles, many of them in high impact journals. He now is a leader for a research group on neuro-immunological diseases at the center for molecular medicine, Karolinska Institutet.<\/p>\t\t\t\t\t\t\t\t<\/div>\n\t\t\t\t<\/div>\n\t\t\t\t<\/div>\n\t\t\t\t<\/div>\n\t\t<div class=\"elementor-element elementor-element-e3185ed e-con-full e-flex e-con e-child\" data-id=\"e3185ed\" data-element_type=\"container\" data-e-type=\"container\">\n\t\t<div class=\"elementor-element elementor-element-043c80d e-con-full e-flex e-con e-child\" data-id=\"043c80d\" data-element_type=\"container\" data-e-type=\"container\" data-settings=\"{&quot;background_background&quot;:&quot;classic&quot;}\">\n\t\t\t\t<\/div>\n\t\t<div class=\"elementor-element elementor-element-fbbcda3 e-con-full e-flex e-con e-child\" data-id=\"fbbcda3\" data-element_type=\"container\" data-e-type=\"container\">\n\t\t\t\t<div class=\"elementor-element elementor-element-0ddb55e elementor-widget elementor-widget-heading\" data-id=\"0ddb55e\" data-element_type=\"widget\" data-e-type=\"widget\" data-widget_type=\"heading.default\">\n\t\t\t\t<div class=\"elementor-widget-container\">\n\t\t\t\t\t<div class=\"elementor-heading-title elementor-size-default\">Professor Ulf Eriksson\n<\/div>\t\t\t\t<\/div>\n\t\t\t\t<\/div>\n\t\t\t\t<div class=\"elementor-element elementor-element-d5c1e24 elementor-widget elementor-widget-heading\" data-id=\"d5c1e24\" data-element_type=\"widget\" data-e-type=\"widget\" data-widget_type=\"heading.default\">\n\t\t\t\t<div class=\"elementor-widget-container\">\n\t\t\t\t\t<div class=\"elementor-heading-title elementor-size-default\">Professor of Vascular Biochemistry\n\n<\/div>\t\t\t\t<\/div>\n\t\t\t\t<\/div>\n\t\t\t\t<\/div>\n\t\t<div class=\"elementor-element elementor-element-620ce77 e-con-full e-flex e-con e-child\" data-id=\"620ce77\" data-element_type=\"container\" data-e-type=\"container\">\n\t\t\t\t<div class=\"elementor-element elementor-element-2d6e1b3 elementor-widget elementor-widget-text-editor\" data-id=\"2d6e1b3\" data-element_type=\"widget\" data-e-type=\"widget\" data-widget_type=\"text-editor.default\">\n\t\t\t\t<div class=\"elementor-widget-container\">\n\t\t\t\t\t\t\t\t\t<p>Distinguished professor at Vetenskapsr\u00e5det (the Swedish Research Council) and at Karolinska Institutet. Expert in vascular biology, especially regarding the role of blood vessels in metabolism, diabetes and stroke. Member of the Nobel Committee at Karolinska Institutet and was its chairman in 2022. Ulf holds several faculty assignments at Karolinska Institutet and has received the Swedish Medical Society's Jubilee Award and The Svedbergs Award. He has also published more than 175 research articles, many in leading international journals.<\/p>\t\t\t\t\t\t\t\t<\/div>\n\t\t\t\t<\/div>\n\t\t\t\t<\/div>\n\t\t\t\t<\/div>\n\t\t<div class=\"elementor-element elementor-element-ecf2444 e-con-full e-flex e-con e-child\" data-id=\"ecf2444\" data-element_type=\"container\" data-e-type=\"container\">\n\t\t<div class=\"elementor-element elementor-element-8bcf9d0 e-con-full e-flex e-con e-child\" data-id=\"8bcf9d0\" data-element_type=\"container\" data-e-type=\"container\" data-settings=\"{&quot;background_background&quot;:&quot;classic&quot;}\">\n\t\t\t\t<\/div>\n\t\t<div class=\"elementor-element elementor-element-9d3483f e-con-full e-flex e-con e-child\" data-id=\"9d3483f\" data-element_type=\"container\" data-e-type=\"container\">\n\t\t\t\t<div class=\"elementor-element elementor-element-4658c4a elementor-widget elementor-widget-heading\" data-id=\"4658c4a\" data-element_type=\"widget\" data-e-type=\"widget\" data-widget_type=\"heading.default\">\n\t\t\t\t<div class=\"elementor-widget-container\">\n\t\t\t\t\t<div class=\"elementor-heading-title elementor-size-default\">Dr. G\u00f6ran Ando\n<\/div>\t\t\t\t<\/div>\n\t\t\t\t<\/div>\n\t\t\t\t<div class=\"elementor-element elementor-element-b16236d elementor-widget elementor-widget-heading\" data-id=\"b16236d\" data-element_type=\"widget\" data-e-type=\"widget\" data-widget_type=\"heading.default\">\n\t\t\t\t<div class=\"elementor-widget-container\">\n\t\t\t\t\t<div class=\"elementor-heading-title elementor-size-default\">Doctor of Medicine\n\n<\/div>\t\t\t\t<\/div>\n\t\t\t\t<\/div>\n\t\t\t\t<\/div>\n\t\t<div class=\"elementor-element elementor-element-62deb32 e-con-full e-flex e-con e-child\" data-id=\"62deb32\" data-element_type=\"container\" data-e-type=\"container\">\n\t\t\t\t<div class=\"elementor-element elementor-element-bb97d2d elementor-widget elementor-widget-text-editor\" data-id=\"bb97d2d\" data-element_type=\"widget\" data-e-type=\"widget\" data-widget_type=\"text-editor.default\">\n\t\t\t\t<div class=\"elementor-widget-container\">\n\t\t\t\t\t\t\t\t\t<p>G\u00f6ran Ando is a medical doctor and has more than 40 years of leadership in the biotech and pharmaceutical industry, including 13 years as vice-chairman and chairman of Novo Nordisk AS. He joined the industry with Pfizer and has subsequently spent most time with Glaxo (now GSK) as medical director advancing to development director and finally R&amp;D Director. In 1995 he joined Pharmacia as Executive Vice President and Deputy CEO heading R&amp;D, manufacturing, IT, BD and M&amp;A. When Pharmacia was sold in 2003, he was appointed CEO of Celltech Group in the UK until UCB acquired the company. G\u00f6ran is a qualified medical doctor and a founding fellow of the American College of Rheumatology. He was awarded an honorary doctors degree by Karolinska Institute in 2002.<\/p>\t\t\t\t\t\t\t\t<\/div>\n\t\t\t\t<\/div>\n\t\t\t\t<\/div>\n\t\t\t\t<\/div>\n\t\t\t\t<\/div>\n\t\t\t\t\t<\/div>\n\t\t\t\t<\/div>\n\t\t\t\t<\/div>","protected":false},"excerpt":{"rendered":"<p>Vetenskapliga r\u00e5det V\u00e5rt vetenskapliga r\u00e5d best\u00e5r av ledande professorer, l\u00e4kare, forskare och experter inom olika medicinska omr\u00e5den. Ledam\u00f6terna har i sin tur ett gediget n\u00e4tverk inom sina respektive delsektorer. Totalt ing\u00e5r hundratals forskare och experter p\u00e5 vetenskapliga institutioner runt om i v\u00e4rlden. Detta ger f\u00f6rvaltarna m\u00f6jlighet till djupare insikter, samt tillg\u00e5ng till den senaste forskningen.&nbsp; [&hellip;]<\/p>\n","protected":false},"author":9,"featured_media":0,"parent":0,"menu_order":0,"comment_status":"closed","ping_status":"closed","template":"","meta":{"_acf_changed":false,"footnotes":""},"class_list":["post-24488","page","type-page","status-publish","hentry"],"acf":[],"aioseo_notices":[],"_links":{"self":[{"href":"https:\/\/rhepa.se\/en\/wp-json\/wp\/v2\/pages\/24488","targetHints":{"allow":["GET"]}}],"collection":[{"href":"https:\/\/rhepa.se\/en\/wp-json\/wp\/v2\/pages"}],"about":[{"href":"https:\/\/rhepa.se\/en\/wp-json\/wp\/v2\/types\/page"}],"author":[{"embeddable":true,"href":"https:\/\/rhepa.se\/en\/wp-json\/wp\/v2\/users\/9"}],"replies":[{"embeddable":true,"href":"https:\/\/rhepa.se\/en\/wp-json\/wp\/v2\/comments?post=24488"}],"version-history":[{"count":149,"href":"https:\/\/rhepa.se\/en\/wp-json\/wp\/v2\/pages\/24488\/revisions"}],"predecessor-version":[{"id":32338,"href":"https:\/\/rhepa.se\/en\/wp-json\/wp\/v2\/pages\/24488\/revisions\/32338"}],"wp:attachment":[{"href":"https:\/\/rhepa.se\/en\/wp-json\/wp\/v2\/media?parent=24488"}],"curies":[{"name":"wp","href":"https:\/\/api.w.org\/{rel}","templated":true}]}}