{"id":26988,"date":"2025-02-24T21:04:14","date_gmt":"2025-02-24T21:04:14","guid":{"rendered":"https:\/\/rhepa.se\/?page_id=26988"},"modified":"2026-04-17T11:41:40","modified_gmt":"2026-04-17T11:41:40","slug":"investeringsteam","status":"publish","type":"page","link":"https:\/\/rhepa.se\/en\/investeringsteam\/","title":{"rendered":"Investment team"},"content":{"rendered":"<div data-elementor-type=\"wp-page\" data-elementor-id=\"26988\" class=\"elementor elementor-26988\" data-elementor-post-type=\"page\">\n\t\t\t\t<div class=\"elementor-element elementor-element-6247ad9 e-con-full hero-mask-bg e-flex e-con e-parent\" data-id=\"6247ad9\" data-element_type=\"container\" data-e-type=\"container\" data-settings=\"{&quot;background_background&quot;:&quot;classic&quot;}\">\n\t\t\t\t<\/div>\n\t\t<div class=\"elementor-element elementor-element-7ef06ef e-flex e-con-boxed e-con e-parent\" data-id=\"7ef06ef\" data-element_type=\"container\" data-e-type=\"container\" data-settings=\"{&quot;background_background&quot;:&quot;classic&quot;}\">\n\t\t\t\t\t<div class=\"e-con-inner\">\n\t\t<div class=\"elementor-element elementor-element-08656fd e-con-full e-flex e-con e-child\" data-id=\"08656fd\" data-element_type=\"container\" data-e-type=\"container\">\n\t\t\t\t<div class=\"elementor-element elementor-element-07777ae elementor-widget elementor-widget-heading\" data-id=\"07777ae\" data-element_type=\"widget\" data-e-type=\"widget\" data-widget_type=\"heading.default\">\n\t\t\t\t<div class=\"elementor-widget-container\">\n\t\t\t\t\t<h2 class=\"elementor-heading-title elementor-size-default\">Investment team<\/h2>\t\t\t\t<\/div>\n\t\t\t\t<\/div>\n\t\t<div class=\"elementor-element elementor-element-92d4553 e-grid e-con-full e-con e-child\" data-id=\"92d4553\" data-element_type=\"container\" data-e-type=\"container\">\n\t\t<div class=\"elementor-element elementor-element-e596a97 e-con-full e-flex e-con e-child\" data-id=\"e596a97\" data-element_type=\"container\" data-e-type=\"container\">\n\t\t<div class=\"elementor-element elementor-element-f4c8528 e-con-full e-flex e-con e-child\" data-id=\"f4c8528\" data-element_type=\"container\" data-e-type=\"container\">\n\t\t\t\t<div class=\"elementor-element elementor-element-a654b56 elementor-hidden-mobile elementor-widget elementor-widget-html\" data-id=\"a654b56\" data-element_type=\"widget\" data-e-type=\"widget\" data-widget_type=\"html.default\">\n\t\t\t\t<div class=\"elementor-widget-container\">\n\t\t\t\t\t<video playsinline muted loop onmouseover=\"this.play()\" \n    onmouseout=\"this.pause(); this.currentTime = 0;\">\n    <source src=\"\/wp-content\/uploads\/2025\/02\/Henrik.mp4\" type=\"video\/mp4\">\n<\/video>\n\t\t\t\t<\/div>\n\t\t\t\t<\/div>\n\t\t\t\t<div class=\"elementor-element elementor-element-2a1677a elementor-hidden-desktop elementor-hidden-tablet elementor-widget elementor-widget-html\" data-id=\"2a1677a\" data-element_type=\"widget\" data-e-type=\"widget\" data-widget_type=\"html.default\">\n\t\t\t\t<div class=\"elementor-widget-container\">\n\t\t\t\t\t<video autoplay playsinline muted loop onmouseover=\"this.play()\" \n    onmouseout=\"this.pause(); this.currentTime = 0;\">\n    <source src=\"\/wp-content\/uploads\/2025\/02\/Henrik.mp4\" type=\"video\/mp4\">\n<\/video>\n\t\t\t\t<\/div>\n\t\t\t\t<\/div>\n\t\t\t\t<\/div>\n\t\t<div class=\"elementor-element elementor-element-d67a650 e-con-full e-flex e-con e-child\" data-id=\"d67a650\" data-element_type=\"container\" data-e-type=\"container\">\n\t\t\t\t<div class=\"elementor-element elementor-element-644ed82 elementor-widget elementor-widget-heading\" data-id=\"644ed82\" data-element_type=\"widget\" data-e-type=\"widget\" data-widget_type=\"heading.default\">\n\t\t\t\t<div class=\"elementor-widget-container\">\n\t\t\t\t\t<div class=\"elementor-heading-title elementor-size-default\">Henrik Rhenman<\/div>\t\t\t\t<\/div>\n\t\t\t\t<\/div>\n\t\t\t\t<div class=\"elementor-element elementor-element-98fd6c5 elementor-widget elementor-widget-heading\" data-id=\"98fd6c5\" data-element_type=\"widget\" data-e-type=\"widget\" data-widget_type=\"heading.default\">\n\t\t\t\t<div class=\"elementor-widget-container\">\n\t\t\t\t\t<div class=\"elementor-heading-title elementor-size-default\">Founding Partner \/ Chief Investment Officer\n<\/div>\t\t\t\t<\/div>\n\t\t\t\t<\/div>\n\t\t\t\t<\/div>\n\t\t\t\t<div class=\"elementor-element elementor-element-64ace66 elementor-widget elementor-widget-text-editor\" data-id=\"64ace66\" data-element_type=\"widget\" data-e-type=\"widget\" data-widget_type=\"text-editor.default\">\n\t\t\t\t<div class=\"elementor-widget-container\">\n\t\t\t\t\t\t\t\t\t<p>Employed at Rhenman &amp; Partners since 2008.\nOver 25 years of experience in portfolio management.\nEducation: Biochemist, Royal Institute of Technology, B.Sc., Stockholm School of Economics.<\/p>\t\t\t\t\t\t\t\t<\/div>\n\t\t\t\t<\/div>\n\t\t\t\t<\/div>\n\t\t<div class=\"elementor-element elementor-element-1c96d01 e-con-full e-flex e-con e-child\" data-id=\"1c96d01\" data-element_type=\"container\" data-e-type=\"container\">\n\t\t<div class=\"elementor-element elementor-element-8616a26 e-con-full e-flex e-con e-child\" data-id=\"8616a26\" data-element_type=\"container\" data-e-type=\"container\">\n\t\t\t\t<div class=\"elementor-element elementor-element-02b9673 elementor-hidden-mobile elementor-widget elementor-widget-html\" data-id=\"02b9673\" data-element_type=\"widget\" data-e-type=\"widget\" data-widget_type=\"html.default\">\n\t\t\t\t<div class=\"elementor-widget-container\">\n\t\t\t\t\t<video playsinline muted loop onmouseover=\"this.play()\" \n    onmouseout=\"this.pause(); this.currentTime = 0;\">\n    <source src=\"\/wp-content\/uploads\/2025\/02\/Kaspar.mp4\" type=\"video\/mp4\">\n<\/video>\n\t\t\t\t<\/div>\n\t\t\t\t<\/div>\n\t\t\t\t<div class=\"elementor-element elementor-element-36d912f elementor-hidden-desktop elementor-hidden-tablet elementor-widget elementor-widget-html\" data-id=\"36d912f\" data-element_type=\"widget\" data-e-type=\"widget\" data-widget_type=\"html.default\">\n\t\t\t\t<div class=\"elementor-widget-container\">\n\t\t\t\t\t<video autoplay playsinline muted loop onmouseover=\"this.play()\" \n    onmouseout=\"this.pause(); this.currentTime = 0;\">\n    <source src=\"\/wp-content\/uploads\/2025\/02\/Kaspar.mp4\" type=\"video\/mp4\">\n<\/video>\n\t\t\t\t<\/div>\n\t\t\t\t<\/div>\n\t\t\t\t<\/div>\n\t\t<div class=\"elementor-element elementor-element-8bdc961 e-con-full e-flex e-con e-child\" data-id=\"8bdc961\" data-element_type=\"container\" data-e-type=\"container\">\n\t\t\t\t<div class=\"elementor-element elementor-element-79d4c1e elementor-widget elementor-widget-heading\" data-id=\"79d4c1e\" data-element_type=\"widget\" data-e-type=\"widget\" data-widget_type=\"heading.default\">\n\t\t\t\t<div class=\"elementor-widget-container\">\n\t\t\t\t\t<div class=\"elementor-heading-title elementor-size-default\">Kaspar H\u00e5llsten<\/div>\t\t\t\t<\/div>\n\t\t\t\t<\/div>\n\t\t\t\t<div class=\"elementor-element elementor-element-85e56ae elementor-widget elementor-widget-heading\" data-id=\"85e56ae\" data-element_type=\"widget\" data-e-type=\"widget\" data-widget_type=\"heading.default\">\n\t\t\t\t<div class=\"elementor-widget-container\">\n\t\t\t\t\t<div class=\"elementor-heading-title elementor-size-default\">Portolio Manager \u2013 Medical Technology<\/div>\t\t\t\t<\/div>\n\t\t\t\t<\/div>\n\t\t\t\t<\/div>\n\t\t\t\t<div class=\"elementor-element elementor-element-86eb9cb elementor-widget elementor-widget-text-editor\" data-id=\"86eb9cb\" data-element_type=\"widget\" data-e-type=\"widget\" data-widget_type=\"text-editor.default\">\n\t\t\t\t<div class=\"elementor-widget-container\">\n\t\t\t\t\t\t\t\t\t<p>Employed at Rhenman &amp; Partners since 2017.\nEducation: Business Administration, Finance, B.Sc., Stockholm Business School.<\/p>\t\t\t\t\t\t\t\t<\/div>\n\t\t\t\t<\/div>\n\t\t\t\t<\/div>\n\t\t<div class=\"elementor-element elementor-element-393be75 e-con-full e-flex e-con e-child\" data-id=\"393be75\" data-element_type=\"container\" data-e-type=\"container\">\n\t\t<div class=\"elementor-element elementor-element-3443a2c e-con-full e-flex e-con e-child\" data-id=\"3443a2c\" data-element_type=\"container\" data-e-type=\"container\">\n\t\t\t\t<div class=\"elementor-element elementor-element-b72f937 elementor-hidden-mobile elementor-widget elementor-widget-html\" data-id=\"b72f937\" data-element_type=\"widget\" data-e-type=\"widget\" data-widget_type=\"html.default\">\n\t\t\t\t<div class=\"elementor-widget-container\">\n\t\t\t\t\t<video playsinline muted loop onmouseover=\"this.play()\" \n    onmouseout=\"this.pause(); this.currentTime = 0;\">\n    <source src=\"\/wp-content\/uploads\/2025\/02\/Amennai.mp4\" type=\"video\/mp4\">\n<\/video>\n\t\t\t\t<\/div>\n\t\t\t\t<\/div>\n\t\t\t\t<div class=\"elementor-element elementor-element-076b903 elementor-hidden-desktop elementor-hidden-tablet elementor-widget elementor-widget-html\" data-id=\"076b903\" data-element_type=\"widget\" data-e-type=\"widget\" data-widget_type=\"html.default\">\n\t\t\t\t<div class=\"elementor-widget-container\">\n\t\t\t\t\t<video autoplay playsinline muted loop onmouseover=\"this.play()\" \n    onmouseout=\"this.pause(); this.currentTime = 0;\">\n    <source src=\"\/wp-content\/uploads\/2025\/02\/Amennai.mp4\" type=\"video\/mp4\">\n<\/video>\n\t\t\t\t<\/div>\n\t\t\t\t<\/div>\n\t\t\t\t<\/div>\n\t\t<div class=\"elementor-element elementor-element-86bd7a0 e-con-full e-flex e-con e-child\" data-id=\"86bd7a0\" data-element_type=\"container\" data-e-type=\"container\">\n\t\t\t\t<div class=\"elementor-element elementor-element-9a60a15 elementor-widget elementor-widget-heading\" data-id=\"9a60a15\" data-element_type=\"widget\" data-e-type=\"widget\" data-widget_type=\"heading.default\">\n\t\t\t\t<div class=\"elementor-widget-container\">\n\t\t\t\t\t<div class=\"elementor-heading-title elementor-size-default\">Amennai Beyeen, PhD <\/div>\t\t\t\t<\/div>\n\t\t\t\t<\/div>\n\t\t\t\t<div class=\"elementor-element elementor-element-7174ded elementor-widget elementor-widget-heading\" data-id=\"7174ded\" data-element_type=\"widget\" data-e-type=\"widget\" data-widget_type=\"heading.default\">\n\t\t\t\t<div class=\"elementor-widget-container\">\n\t\t\t\t\t<div class=\"elementor-heading-title elementor-size-default\">Portfolio Manager \u2013 Biopharma\n<\/div>\t\t\t\t<\/div>\n\t\t\t\t<\/div>\n\t\t\t\t<\/div>\n\t\t\t\t<div class=\"elementor-element elementor-element-b15f5cf elementor-widget elementor-widget-text-editor\" data-id=\"b15f5cf\" data-element_type=\"widget\" data-e-type=\"widget\" data-widget_type=\"text-editor.default\">\n\t\t\t\t<div class=\"elementor-widget-container\">\n\t\t\t\t\t\t\t\t\t<p>Employed at Rhenman &amp; Partners since 2023.\n15 years of experience in medical positions within the life science industry. Education: M.Sc. Biomedicine and a PhD, Karolinska Institute.<\/p>\t\t\t\t\t\t\t\t<\/div>\n\t\t\t\t<\/div>\n\t\t\t\t<\/div>\n\t\t<div class=\"elementor-element elementor-element-06ede74 e-con-full e-flex e-con e-child\" data-id=\"06ede74\" data-element_type=\"container\" data-e-type=\"container\">\n\t\t<div class=\"elementor-element elementor-element-412d046 e-con-full e-flex e-con e-child\" data-id=\"412d046\" data-element_type=\"container\" data-e-type=\"container\">\n\t\t\t\t<div class=\"elementor-element elementor-element-9a94b7b elementor-hidden-mobile elementor-widget elementor-widget-html\" data-id=\"9a94b7b\" data-element_type=\"widget\" data-e-type=\"widget\" data-widget_type=\"html.default\">\n\t\t\t\t<div class=\"elementor-widget-container\">\n\t\t\t\t\t<video playsinline muted loop onmouseover=\"this.play()\" \n    onmouseout=\"this.pause(); this.currentTime = 0;\">\n    <source src=\"\/wp-content\/uploads\/2025\/02\/Camilla-O.mp4\" type=\"video\/mp4\">\n<\/video>\n\t\t\t\t<\/div>\n\t\t\t\t<\/div>\n\t\t\t\t<div class=\"elementor-element elementor-element-b15065c elementor-hidden-desktop elementor-hidden-tablet elementor-widget elementor-widget-html\" data-id=\"b15065c\" data-element_type=\"widget\" data-e-type=\"widget\" data-widget_type=\"html.default\">\n\t\t\t\t<div class=\"elementor-widget-container\">\n\t\t\t\t\t<video autoplay playsinline muted loop onmouseover=\"this.play()\" \n    onmouseout=\"this.pause(); this.currentTime = 0;\">\n    <source src=\"\/wp-content\/uploads\/2025\/02\/Camilla-O.mp4\" type=\"video\/mp4\">\n<\/video>\n\t\t\t\t<\/div>\n\t\t\t\t<\/div>\n\t\t\t\t<\/div>\n\t\t<div class=\"elementor-element elementor-element-15faaf9 e-con-full e-flex e-con e-child\" data-id=\"15faaf9\" data-element_type=\"container\" data-e-type=\"container\">\n\t\t\t\t<div class=\"elementor-element elementor-element-5a81e9a elementor-widget elementor-widget-heading\" data-id=\"5a81e9a\" data-element_type=\"widget\" data-e-type=\"widget\" data-widget_type=\"heading.default\">\n\t\t\t\t<div class=\"elementor-widget-container\">\n\t\t\t\t\t<div class=\"elementor-heading-title elementor-size-default\">Camilla Oxhamre Cruse, PhD, MBA\n<\/div>\t\t\t\t<\/div>\n\t\t\t\t<\/div>\n\t\t\t\t<div class=\"elementor-element elementor-element-5127bc3 elementor-widget elementor-widget-heading\" data-id=\"5127bc3\" data-element_type=\"widget\" data-e-type=\"widget\" data-widget_type=\"heading.default\">\n\t\t\t\t<div class=\"elementor-widget-container\">\n\t\t\t\t\t<div class=\"elementor-heading-title elementor-size-default\">Portfolio Manager \u2013 Biopharma\n<\/div>\t\t\t\t<\/div>\n\t\t\t\t<\/div>\n\t\t\t\t<\/div>\n\t\t\t\t<div class=\"elementor-element elementor-element-313ca3a elementor-widget elementor-widget-text-editor\" data-id=\"313ca3a\" data-element_type=\"widget\" data-e-type=\"widget\" data-widget_type=\"text-editor.default\">\n\t\t\t\t<div class=\"elementor-widget-container\">\n\t\t\t\t\t\t\t\t\t<p>Employed at Rhenman &amp; Partners since 2024.\n18 years of experience from the financial service industry focusing on the life science industry.\nEducation: MSc. Biochemistry, Lund University; PhD Medicine, Karolinska Institute; and MBA Finance, Hawaii Pacific University<\/p>\t\t\t\t\t\t\t\t<\/div>\n\t\t\t\t<\/div>\n\t\t\t\t<\/div>\n\t\t<div class=\"elementor-element elementor-element-ded38bc e-con-full e-flex e-con e-child\" data-id=\"ded38bc\" data-element_type=\"container\" data-e-type=\"container\">\n\t\t<div class=\"elementor-element elementor-element-b226eaa e-con-full e-flex e-con e-child\" data-id=\"b226eaa\" data-element_type=\"container\" data-e-type=\"container\">\n\t\t\t\t<div class=\"elementor-element elementor-element-11f106f elementor-hidden-mobile elementor-widget elementor-widget-html\" data-id=\"11f106f\" data-element_type=\"widget\" data-e-type=\"widget\" data-widget_type=\"html.default\">\n\t\t\t\t<div class=\"elementor-widget-container\">\n\t\t\t\t\t<video playsinline muted loop onmouseover=\"this.play()\" \n    onmouseout=\"this.pause(); this.currentTime = 0;\">\n    <source src=\"\/wp-content\/uploads\/2025\/02\/Hugo.mp4\" type=\"video\/mp4\">\n<\/video>\n\t\t\t\t<\/div>\n\t\t\t\t<\/div>\n\t\t\t\t<div class=\"elementor-element elementor-element-09d4b27 elementor-hidden-desktop elementor-hidden-tablet elementor-widget elementor-widget-html\" data-id=\"09d4b27\" data-element_type=\"widget\" data-e-type=\"widget\" data-widget_type=\"html.default\">\n\t\t\t\t<div class=\"elementor-widget-container\">\n\t\t\t\t\t<video autoplay playsinline muted loop onmouseover=\"this.play()\" \n    onmouseout=\"this.pause(); this.currentTime = 0;\">\n    <source src=\"\/wp-content\/uploads\/2025\/02\/Hugo.mp4\" type=\"video\/mp4\">\n<\/video>\n\t\t\t\t<\/div>\n\t\t\t\t<\/div>\n\t\t\t\t<\/div>\n\t\t<div class=\"elementor-element elementor-element-d85e22f e-con-full e-flex e-con e-child\" data-id=\"d85e22f\" data-element_type=\"container\" data-e-type=\"container\">\n\t\t\t\t<div class=\"elementor-element elementor-element-41ef311 elementor-widget elementor-widget-heading\" data-id=\"41ef311\" data-element_type=\"widget\" data-e-type=\"widget\" data-widget_type=\"heading.default\">\n\t\t\t\t<div class=\"elementor-widget-container\">\n\t\t\t\t\t<div class=\"elementor-heading-title elementor-size-default\">Hugo Schmidt\n<\/div>\t\t\t\t<\/div>\n\t\t\t\t<\/div>\n\t\t\t\t<div class=\"elementor-element elementor-element-affa9c6 elementor-widget elementor-widget-heading\" data-id=\"affa9c6\" data-element_type=\"widget\" data-e-type=\"widget\" data-widget_type=\"heading.default\">\n\t\t\t\t<div class=\"elementor-widget-container\">\n\t\t\t\t\t<div class=\"elementor-heading-title elementor-size-default\">Portfolio Manager \u2013 Healthcare Services<\/div>\t\t\t\t<\/div>\n\t\t\t\t<\/div>\n\t\t\t\t<\/div>\n\t\t\t\t<div class=\"elementor-element elementor-element-25df019 elementor-widget elementor-widget-text-editor\" data-id=\"25df019\" data-element_type=\"widget\" data-e-type=\"widget\" data-widget_type=\"text-editor.default\">\n\t\t\t\t<div class=\"elementor-widget-container\">\n\t\t\t\t\t\t\t\t\t<p>Employed at Rhenman &amp; Partners since 2020.\nEducation: B.Sc. Business &amp; Economics, Stockholm School of Economics.<\/p>\t\t\t\t\t\t\t\t<\/div>\n\t\t\t\t<\/div>\n\t\t\t\t<\/div>\n\t\t\t\t<\/div>\n\t\t\t\t<\/div>\n\t\t\t\t\t<\/div>\n\t\t\t\t<\/div>\n\t\t\t\t<\/div>","protected":false},"excerpt":{"rendered":"<p>Nischf\u00f6rvaltning m\u00f6jligg\u00f6r b\u00e5de djup och bredd V\u00e5rt investeringsteam best\u00e5r av specialiserade portf\u00f6ljf\u00f6rvaltare med ansvar f\u00f6r var sin delsektor inom h\u00e4lsov\u00e5rdssektorn: L\u00e4kemedel, bioteknik, medicinsk teknik och h\u00e4lso- och sjukv\u00e5rdstj\u00e4nster. Specialiseringen \u00e4r avg\u00f6rande d\u00e5 de fyra delsektorerna har helt olika karakt\u00e4r och drivkrafter, var och en med h\u00f6g komplexitet. Investeringsteam Henrik Rhenman Grundare \/ Chief Investment Officer [&hellip;]<\/p>\n","protected":false},"author":11,"featured_media":0,"parent":0,"menu_order":0,"comment_status":"closed","ping_status":"closed","template":"","meta":{"_acf_changed":false,"footnotes":""},"class_list":["post-26988","page","type-page","status-publish","hentry"],"acf":[],"aioseo_notices":[],"_links":{"self":[{"href":"https:\/\/rhepa.se\/en\/wp-json\/wp\/v2\/pages\/26988","targetHints":{"allow":["GET"]}}],"collection":[{"href":"https:\/\/rhepa.se\/en\/wp-json\/wp\/v2\/pages"}],"about":[{"href":"https:\/\/rhepa.se\/en\/wp-json\/wp\/v2\/types\/page"}],"author":[{"embeddable":true,"href":"https:\/\/rhepa.se\/en\/wp-json\/wp\/v2\/users\/11"}],"replies":[{"embeddable":true,"href":"https:\/\/rhepa.se\/en\/wp-json\/wp\/v2\/comments?post=26988"}],"version-history":[{"count":85,"href":"https:\/\/rhepa.se\/en\/wp-json\/wp\/v2\/pages\/26988\/revisions"}],"predecessor-version":[{"id":32651,"href":"https:\/\/rhepa.se\/en\/wp-json\/wp\/v2\/pages\/26988\/revisions\/32651"}],"wp:attachment":[{"href":"https:\/\/rhepa.se\/en\/wp-json\/wp\/v2\/media?parent=26988"}],"curies":[{"name":"wp","href":"https:\/\/api.w.org\/{rel}","templated":true}]}}