{"id":27077,"date":"2025-02-25T18:11:49","date_gmt":"2025-02-25T18:11:49","guid":{"rendered":"https:\/\/rhepa.se\/?page_id=27077"},"modified":"2025-04-01T19:45:34","modified_gmt":"2025-04-01T19:45:34","slug":"karriar","status":"publish","type":"page","link":"https:\/\/rhepa.se\/en\/karriar\/","title":{"rendered":"Career"},"content":{"rendered":"<div data-elementor-type=\"wp-page\" data-elementor-id=\"27077\" class=\"elementor elementor-27077\" data-elementor-post-type=\"page\">\n\t\t\t\t<div class=\"elementor-element elementor-element-d9c410d e-con-full hero-mask-bg e-flex e-con e-parent\" data-id=\"d9c410d\" data-element_type=\"container\" data-e-type=\"container\" data-settings=\"{&quot;background_background&quot;:&quot;classic&quot;}\">\n\t\t\t\t<\/div>\n\t\t<div class=\"elementor-element elementor-element-a61b4da e-flex e-con-boxed e-con e-parent\" data-id=\"a61b4da\" data-element_type=\"container\" data-e-type=\"container\" data-settings=\"{&quot;background_background&quot;:&quot;classic&quot;}\">\n\t\t\t\t\t<div class=\"e-con-inner\">\n\t\t<div class=\"elementor-element elementor-element-abfe754 e-con-full e-flex e-con e-child\" data-id=\"abfe754\" data-element_type=\"container\" data-e-type=\"container\">\n\t\t<div class=\"elementor-element elementor-element-ff88a5e e-con-full e-flex e-con e-child\" data-id=\"ff88a5e\" data-element_type=\"container\" data-e-type=\"container\">\n\t\t<div class=\"elementor-element elementor-element-8f4421b e-con-full e-flex e-con e-child\" data-id=\"8f4421b\" data-element_type=\"container\" data-e-type=\"container\">\n\t\t\t\t<div class=\"elementor-element elementor-element-e3cdbd2 elementor-widget elementor-widget-heading\" data-id=\"e3cdbd2\" data-element_type=\"widget\" data-e-type=\"widget\" data-widget_type=\"heading.default\">\n\t\t\t\t<div class=\"elementor-widget-container\">\n\t\t\t\t\t<h1 class=\"elementor-heading-title elementor-size-default\">Career<\/h1>\t\t\t\t<\/div>\n\t\t\t\t<\/div>\n\t\t\t\t<\/div>\n\t\t\t\t<\/div>\n\t\t\t\t<\/div>\n\t\t<div class=\"elementor-element elementor-element-51cd7c7 e-con-full e-flex e-con e-child\" data-id=\"51cd7c7\" data-element_type=\"container\" data-e-type=\"container\">\n\t\t\t\t<div class=\"elementor-element elementor-element-9495324 elementor-widget elementor-widget-text-editor\" data-id=\"9495324\" data-element_type=\"widget\" data-e-type=\"widget\" data-widget_type=\"text-editor.default\">\n\t\t\t\t<div class=\"elementor-widget-container\">\n\t\t\t\t\t\t\t\t\t<p>There are currently no open positions. Follow us on <a href=\"https:\/\/se.linkedin.com\/company\/rhenman-partners\" target=\"_blank\" rel=\"noopener\">LinkedIn<\/a> for updates.<\/p>\t\t\t\t\t\t\t\t<\/div>\n\t\t\t\t<\/div>\n\t\t\t\t<\/div>\n\t\t\t\t\t<\/div>\n\t\t\t\t<\/div>\n\t\t\t\t<\/div>","protected":false},"excerpt":{"rendered":"<p>Karri\u00e4r Just nu har Rhenman &amp; Partners inga lediga tj\u00e4nster. F\u00f6lj oss g\u00e4rna p\u00e5 LinkedIn f\u00f6r uppdateringar.<\/p>","protected":false},"author":11,"featured_media":0,"parent":0,"menu_order":0,"comment_status":"closed","ping_status":"closed","template":"","meta":{"_acf_changed":false,"footnotes":""},"class_list":["post-27077","page","type-page","status-publish","hentry"],"acf":[],"aioseo_notices":[],"_links":{"self":[{"href":"https:\/\/rhepa.se\/en\/wp-json\/wp\/v2\/pages\/27077","targetHints":{"allow":["GET"]}}],"collection":[{"href":"https:\/\/rhepa.se\/en\/wp-json\/wp\/v2\/pages"}],"about":[{"href":"https:\/\/rhepa.se\/en\/wp-json\/wp\/v2\/types\/page"}],"author":[{"embeddable":true,"href":"https:\/\/rhepa.se\/en\/wp-json\/wp\/v2\/users\/11"}],"replies":[{"embeddable":true,"href":"https:\/\/rhepa.se\/en\/wp-json\/wp\/v2\/comments?post=27077"}],"version-history":[{"count":27,"href":"https:\/\/rhepa.se\/en\/wp-json\/wp\/v2\/pages\/27077\/revisions"}],"predecessor-version":[{"id":29020,"href":"https:\/\/rhepa.se\/en\/wp-json\/wp\/v2\/pages\/27077\/revisions\/29020"}],"wp:attachment":[{"href":"https:\/\/rhepa.se\/en\/wp-json\/wp\/v2\/media?parent=27077"}],"curies":[{"name":"wp","href":"https:\/\/api.w.org\/{rel}","templated":true}]}}