{"id":27123,"date":"2025-03-01T18:05:45","date_gmt":"2025-03-01T18:05:45","guid":{"rendered":"https:\/\/rhepa.se\/?page_id=27123"},"modified":"2026-01-23T08:31:56","modified_gmt":"2026-01-23T08:31:56","slug":"rhenman-healthcare-equity","status":"publish","type":"page","link":"https:\/\/rhepa.se\/en\/rhenman-healthcare-equity\/","title":{"rendered":"Rhenman Healthcare Equity L\/S"},"content":{"rendered":"<div data-elementor-type=\"wp-page\" data-elementor-id=\"27123\" class=\"elementor elementor-27123\" data-elementor-post-type=\"page\">\n\t\t\t\t<div class=\"elementor-element elementor-element-61260fb e-con-full hero-mask-bg e-flex e-con e-parent\" data-id=\"61260fb\" data-element_type=\"container\" data-e-type=\"container\" data-settings=\"{&quot;background_background&quot;:&quot;classic&quot;}\">\n\t\t\t\t<\/div>\n\t\t<div class=\"elementor-element elementor-element-e12bbb0 e-flex e-con-boxed e-con e-parent\" data-id=\"e12bbb0\" data-element_type=\"container\" data-e-type=\"container\" data-settings=\"{&quot;background_background&quot;:&quot;classic&quot;}\">\n\t\t\t\t\t<div class=\"e-con-inner\">\n\t\t<div class=\"elementor-element elementor-element-3fc4ba1 e-con-full e-flex e-con e-child\" data-id=\"3fc4ba1\" data-element_type=\"container\" data-e-type=\"container\">\n\t\t<div class=\"elementor-element elementor-element-ca5a0e5 e-con-full e-flex e-con e-child\" data-id=\"ca5a0e5\" data-element_type=\"container\" data-e-type=\"container\">\n\t\t\t\t<div class=\"elementor-element elementor-element-86b0c0b elementor-widget elementor-widget-heading\" data-id=\"86b0c0b\" data-element_type=\"widget\" data-e-type=\"widget\" data-widget_type=\"heading.default\">\n\t\t\t\t<div class=\"elementor-widget-container\">\n\t\t\t\t\t<h1 class=\"elementor-heading-title elementor-size-default\">A fund with sector focus\n<\/h1>\t\t\t\t<\/div>\n\t\t\t\t<\/div>\n\t\t\t\t<\/div>\n\t\t<div class=\"elementor-element elementor-element-803e1eb e-con-full e-flex e-con e-child\" data-id=\"803e1eb\" data-element_type=\"container\" data-e-type=\"container\">\n\t\t\t\t<div class=\"elementor-element elementor-element-2a8f7c0 elementor-widget elementor-widget-text-editor\" data-id=\"2a8f7c0\" data-element_type=\"widget\" data-e-type=\"widget\" data-widget_type=\"text-editor.default\">\n\t\t\t\t<div class=\"elementor-widget-container\">\n\t\t\t\t\t\t\t\t\t<p>Rhenman Healthcare Equity L\/S is a long biased hedge fund based on a fundamental approach. The fund invests in global healthcare equities. Our expertise and our unique working method, where the portfolio managers are supported by the Scientific Advisory Board and their global networks, have enabled the fund to reach a high absolute level of returns since its inception in 2009.<\/p>\t\t\t\t\t\t\t\t<\/div>\n\t\t\t\t<\/div>\n\t\t\t\t<div class=\"elementor-element elementor-element-cac0fac elementor-mobile-align-justify toggle-btn elementor-widget elementor-widget-button\" data-id=\"cac0fac\" data-element_type=\"widget\" data-e-type=\"widget\" data-widget_type=\"button.default\">\n\t\t\t\t<div class=\"elementor-widget-container\">\n\t\t\t\t\t\t\t\t\t<div class=\"elementor-button-wrapper\">\n\t\t\t\t\t<a class=\"elementor-button elementor-button-link elementor-size-sm\" href=\"#fond\">\n\t\t\t\t\t\t<span class=\"elementor-button-content-wrapper\">\n\t\t\t\t\t\t\t\t\t<span class=\"elementor-button-text\">See fund performance <\/span>\n\t\t\t\t\t<\/span>\n\t\t\t\t\t<\/a>\n\t\t\t\t<\/div>\n\t\t\t\t\t\t\t\t<\/div>\n\t\t\t\t<\/div>\n\t\t\t\t<div class=\"elementor-element elementor-element-dcae92b elementor-widget elementor-widget-html\" data-id=\"dcae92b\" data-element_type=\"widget\" data-e-type=\"widget\" data-widget_type=\"html.default\">\n\t\t\t\t<div class=\"elementor-widget-container\">\n\t\t\t\t\t<script>\n    document.addEventListener(\"DOMContentLoaded\", function() {\n    let button = document.querySelector(\".toggle-btn\");\n    let container = document.querySelector(\".hidden-container\");\n\n    button.addEventListener(\"click\", function() {\n        if (container.style.display === \"none\" || container.style.display === \"\") {\n            container.style.display = \"block\";\n        } else {\n            container.style.display = \"none\";\n        }\n    });\n});\n\n<\/script>\t\t\t\t<\/div>\n\t\t\t\t<\/div>\n\t\t\t\t<\/div>\n\t\t\t\t<\/div>\n\t\t<div class=\"elementor-element elementor-element-fa94dde e-con-full hidden-container e-flex e-con e-child\" data-id=\"fa94dde\" data-element_type=\"container\" data-e-type=\"container\">\n\t\t\t\t<div class=\"elementor-element elementor-element-215bbf4 elementor-widget elementor-widget-menu-anchor\" data-id=\"215bbf4\" data-element_type=\"widget\" data-e-type=\"widget\" data-widget_type=\"menu-anchor.default\">\n\t\t\t\t<div class=\"elementor-widget-container\">\n\t\t\t\t\t\t\t<div class=\"elementor-menu-anchor\" id=\"fond\"><\/div>\n\t\t\t\t\t\t<\/div>\n\t\t\t\t<\/div>\n\t\t<div class=\"elementor-element elementor-element-bc633b0 e-con-full e-flex e-con e-child\" data-id=\"bc633b0\" data-element_type=\"container\" data-e-type=\"container\" data-settings=\"{&quot;background_background&quot;:&quot;classic&quot;}\">\n\t\t\t\t<div class=\"elementor-element elementor-element-7fac8a5 elementor-widget elementor-widget-heading\" data-id=\"7fac8a5\" data-element_type=\"widget\" data-e-type=\"widget\" data-widget_type=\"heading.default\">\n\t\t\t\t<div class=\"elementor-widget-container\">\n\t\t\t\t\t<h2 class=\"elementor-heading-title elementor-size-default\">Rhenman Healthcare Equity L\/S (RHE L\/S)\n<\/h2>\t\t\t\t<\/div>\n\t\t\t\t<\/div>\n\t\t\t\t<div class=\"elementor-element elementor-element-58bd146 rhepa-tabell elementor-widget elementor-widget-shortcode\" data-id=\"58bd146\" data-element_type=\"widget\" data-e-type=\"widget\" data-widget_type=\"shortcode.default\">\n\t\t\t\t<div class=\"elementor-widget-container\">\n\t\t\t\t\t\t\t<div class=\"elementor-shortcode\"><div class=\"last-information\"><div class=\"last-information__title\">Rhenman Healthcare Equity L\/S (RHE L\/S)<\/div><div class=\"last-information__date\">March 2026<\/div><div class=\"last-information__date\">The fund performance is calculated and reported once a month.<\/div><div class=\"table-responsive\"><table class=\"responsive-table table\"><thead> <tr><td>FUND CLASS<\/td><td>NAV<\/td><td>DEVELOPMENT 1 MONTH<\/td><td>THIS YEAR<\/td><td>SINCE FUND START<\/td><td>START DATE<\/td><\/tr><\/thead><tbody><tr><td class=\"name\">IC1 (EUR)<\/td><td class=\"values\">857.57<\/td><td class=\"values\">-7.91%<\/td><td class=\"values\">-12.24%<\/td><td class=\"values\">757.57%<\/td><td class=\"values\">2009-06-22<\/td><\/tr><tr><td class=\"name\">IC3 (EUR)<\/td><td class=\"values\">1116.07<\/td><td class=\"values\">-7.85%<\/td><td class=\"values\">-12.07%<\/td><td class=\"values\">1016.07%<\/td><td class=\"values\">2009-07-31<\/td><\/tr><tr><td class=\"name\">IC2 (SEK)<\/td><td class=\"values\">687.47<\/td><td class=\"values\">-5.06%<\/td><td class=\"values\">-10.83%<\/td><td class=\"values\">587.47%<\/td><td class=\"values\">2012-12-31<\/td><\/tr><tr><td class=\"name\">ID1 (SEK)<span class=\"table-lower-case\">Distributing<span><\/td><td class=\"values\">358.19<\/td><td class=\"values\">-5.10%<\/td><td class=\"values\">-14.73%<\/td><td class=\"values\">258.19%<\/td><td class=\"values\">2012-04-30<\/td><\/tr><tr><td class=\"name\">IC1 (USD)<\/td><td class=\"values\">223.20<\/td><td class=\"values\">-10.11%<\/td><td class=\"values\">-13.88%<\/td><td class=\"values\">123.20%<\/td><td class=\"values\">2015-01-31<\/td><\/tr><tr><td class=\"name\">RC1 (EUR)<\/td><td class=\"values\">724.91<\/td><td class=\"values\">-7.95%<\/td><td class=\"values\">-12.35%<\/td><td class=\"values\">624.91%<\/td><td class=\"values\">2010-08-31<\/td><\/tr><tr><td class=\"name\">RC1 (SEK)<\/td><td class=\"values\">781.21<\/td><td class=\"values\">-5.15%<\/td><td class=\"values\">-11.06%<\/td><td class=\"values\">681.21%<\/td><td class=\"values\">2009-06-22<\/td><\/tr><tr><td class=\"name\">RC2 (SEK)<\/td><td class=\"values\">840.71<\/td><td class=\"values\">-5.11%<\/td><td class=\"values\">-10.95%<\/td><td class=\"values\">740.71%<\/td><td class=\"values\">2009-06-22<\/td><\/tr><\/tbody><\/table><\/div><\/div><!--.last-information-->\n<\/div>\n\t\t\t\t\t\t<\/div>\n\t\t\t\t<\/div>\n\t\t\t\t<div class=\"elementor-element elementor-element-3663e7e elementor-widget elementor-widget-text-editor\" data-id=\"3663e7e\" data-element_type=\"widget\" data-e-type=\"widget\" data-widget_type=\"text-editor.default\">\n\t\t\t\t<div class=\"elementor-widget-container\">\n\t\t\t\t\t\t\t\t\t<p><strong>Important information: <\/strong>Past performance is no guarantee of future returns. The money invested in the fund can both increase and decrease in value and it is not certain that investors will get back the entire invested capital.<\/p>\t\t\t\t\t\t\t\t<\/div>\n\t\t\t\t<\/div>\n\t\t\t\t<div class=\"elementor-element elementor-element-f0f987a elementor-mobile-align-center elementor-hidden-desktop elementor-hidden-tablet elementor-widget elementor-widget-button\" data-id=\"f0f987a\" data-element_type=\"widget\" data-e-type=\"widget\" data-no-translation=\"\" data-widget_type=\"button.default\">\n\t\t\t\t<div class=\"elementor-widget-container\">\n\t\t\t\t\t<style>.elementor-element-f0f987a{display:none !important}<\/style>\t\t\t\t<\/div>\n\t\t\t\t<\/div>\n\t\t\t\t<div class=\"elementor-element elementor-element-8791a68 elementor-mobile-align-center elementor-hidden-desktop elementor-hidden-tablet elementor-widget elementor-widget-button\" data-id=\"8791a68\" data-element_type=\"widget\" data-e-type=\"widget\" data-no-translation=\"\" data-widget_type=\"button.default\">\n\t\t\t\t<div class=\"elementor-widget-container\">\n\t\t\t\t\t\t\t\t\t<div class=\"elementor-button-wrapper\">\n\t\t\t\t\t<a class=\"elementor-button elementor-button-link elementor-size-sm\" href=\"#\">\n\t\t\t\t\t\t<span class=\"elementor-button-content-wrapper\">\n\t\t\t\t\t\t<span class=\"elementor-button-icon\">\n\t\t\t\t<svg aria-hidden=\"true\" class=\"e-font-icon-svg e-fas-arrow-right\" viewbox=\"0 0 448 512\" xmlns=\"http:\/\/www.w3.org\/2000\/svg\"><path d=\"M190.5 66.9l22.2-22.2c9.4-9.4 24.6-9.4 33.9 0L441 239c9.4 9.4 9.4 24.6 0 33.9L246.6 467.3c-9.4 9.4-24.6 9.4-33.9 0l-22.2-22.2c-9.5-9.5-9.3-25 .4-34.3L311.4 296H24c-13.3 0-24-10.7-24-24v-32c0-13.3 10.7-24 24-24h287.4L190.9 101.2c-9.8-9.3-10-24.8-.4-34.3z\"><\/path><\/svg>\t\t\t<\/span>\n\t\t\t\t\t\t\t\t\t<span class=\"elementor-button-text\">Scroll to read the table<\/span>\n\t\t\t\t\t<\/span>\n\t\t\t\t\t<\/a>\n\t\t\t\t<\/div>\n\t\t\t\t\t\t\t\t<\/div>\n\t\t\t\t<\/div>\n\t\t\t\t<\/div>\n\t\t\t\t<\/div>\n\t\t\t\t\t<\/div>\n\t\t\t\t<\/div>\n\t\t<div class=\"elementor-element elementor-element-d1ee862 e-flex e-con-boxed e-con e-parent\" data-id=\"d1ee862\" data-element_type=\"container\" data-e-type=\"container\" data-settings=\"{&quot;background_background&quot;:&quot;classic&quot;}\">\n\t\t\t\t\t<div class=\"e-con-inner\">\n\t\t<div class=\"elementor-element elementor-element-b2d4bba e-con-full e-flex e-con e-child\" data-id=\"b2d4bba\" data-element_type=\"container\" data-e-type=\"container\">\n\t\t\t\t<div class=\"elementor-element elementor-element-32ce4ca elementor-widget elementor-widget-heading\" data-id=\"32ce4ca\" data-element_type=\"widget\" data-e-type=\"widget\" data-widget_type=\"heading.default\">\n\t\t\t\t<div class=\"elementor-widget-container\">\n\t\t\t\t\t<div class=\"elementor-heading-title elementor-size-default\">Objective<\/div>\t\t\t\t<\/div>\n\t\t\t\t<\/div>\n\t\t\t\t<div class=\"elementor-element elementor-element-d31f70a elementor-widget elementor-widget-text-editor\" data-id=\"d31f70a\" data-element_type=\"widget\" data-e-type=\"widget\" data-widget_type=\"text-editor.default\">\n\t\t\t\t<div class=\"elementor-widget-container\">\n\t\t\t\t\t\t\t\t\tThe fund aims to generate an average annual net return of at least 12 percent over time, regardless of the global stock market\u2019s performance.\t\t\t\t\t\t\t\t<\/div>\n\t\t\t\t<\/div>\n\t\t\t\t<\/div>\n\t\t<div class=\"elementor-element elementor-element-2a24539 e-con-full e-flex e-con e-child\" data-id=\"2a24539\" data-element_type=\"container\" data-e-type=\"container\">\n\t\t<div class=\"elementor-element elementor-element-b99b248 e-con-full e-flex e-con e-child\" data-id=\"b99b248\" data-element_type=\"container\" data-e-type=\"container\" data-settings=\"{&quot;background_background&quot;:&quot;classic&quot;}\">\n\t\t\t\t<div class=\"elementor-element elementor-element-71aa796 elementor-widget elementor-widget-image\" data-id=\"71aa796\" data-element_type=\"widget\" data-e-type=\"widget\" data-widget_type=\"image.default\">\n\t\t\t\t<div class=\"elementor-widget-container\">\n\t\t\t\t\t\t\t\t\t\t\t\t\t\t\t<img fetchpriority=\"high\" decoding=\"async\" width=\"800\" height=\"532\" src=\"https:\/\/rhepa.se\/wp-content\/uploads\/2025\/04\/AdobeStock_313579636.jpg\" class=\"attachment-large size-large wp-image-28952\" alt=\"\" srcset=\"https:\/\/rhepa.se\/wp-content\/uploads\/2025\/04\/AdobeStock_313579636.jpg 1000w, https:\/\/rhepa.se\/wp-content\/uploads\/2025\/04\/AdobeStock_313579636-300x200.jpg 300w, https:\/\/rhepa.se\/wp-content\/uploads\/2025\/04\/AdobeStock_313579636-768x511.jpg 768w, https:\/\/rhepa.se\/wp-content\/uploads\/2025\/04\/AdobeStock_313579636-18x12.jpg 18w\" sizes=\"(max-width: 800px) 100vw, 800px\" \/>\t\t\t\t\t\t\t\t\t\t\t\t\t\t\t<\/div>\n\t\t\t\t<\/div>\n\t\t\t\t<\/div>\n\t\t\t\t<\/div>\n\t\t\t\t\t<\/div>\n\t\t\t\t<\/div>\n\t\t<div class=\"elementor-element elementor-element-f32b676 e-flex e-con-boxed e-con e-parent\" data-id=\"f32b676\" data-element_type=\"container\" data-e-type=\"container\" data-settings=\"{&quot;background_background&quot;:&quot;classic&quot;}\">\n\t\t\t\t\t<div class=\"e-con-inner\">\n\t\t<div class=\"elementor-element elementor-element-000a35b e-con-full e-flex e-con e-child\" data-id=\"000a35b\" data-element_type=\"container\" data-e-type=\"container\" data-settings=\"{&quot;background_background&quot;:&quot;classic&quot;}\">\n\t\t\t\t<div class=\"elementor-element elementor-element-8117081 elementor-widget elementor-widget-image\" data-id=\"8117081\" data-element_type=\"widget\" data-e-type=\"widget\" data-widget_type=\"image.default\">\n\t\t\t\t<div class=\"elementor-widget-container\">\n\t\t\t\t\t\t\t\t\t\t\t\t\t\t\t<img decoding=\"async\" width=\"800\" height=\"573\" src=\"https:\/\/rhepa.se\/wp-content\/uploads\/2025\/03\/4-SEKTORERNA1-1024x734.png\" class=\"attachment-large size-large wp-image-28094\" alt=\"\" srcset=\"https:\/\/rhepa.se\/wp-content\/uploads\/2025\/03\/4-SEKTORERNA1-1024x734.png 1024w, https:\/\/rhepa.se\/wp-content\/uploads\/2025\/03\/4-SEKTORERNA1-300x215.png 300w, https:\/\/rhepa.se\/wp-content\/uploads\/2025\/03\/4-SEKTORERNA1-768x551.png 768w, https:\/\/rhepa.se\/wp-content\/uploads\/2025\/03\/4-SEKTORERNA1-18x12.png 18w, https:\/\/rhepa.se\/wp-content\/uploads\/2025\/03\/4-SEKTORERNA1.png 1060w\" sizes=\"(max-width: 800px) 100vw, 800px\" \/>\t\t\t\t\t\t\t\t\t\t\t\t\t\t\t<\/div>\n\t\t\t\t<\/div>\n\t\t\t\t<\/div>\n\t\t<div class=\"elementor-element elementor-element-7442ecb e-con-full e-flex e-con e-child\" data-id=\"7442ecb\" data-element_type=\"container\" data-e-type=\"container\">\n\t\t\t\t<div class=\"elementor-element elementor-element-ea19b9a elementor-widget elementor-widget-heading\" data-id=\"ea19b9a\" data-element_type=\"widget\" data-e-type=\"widget\" data-widget_type=\"heading.default\">\n\t\t\t\t<div class=\"elementor-widget-container\">\n\t\t\t\t\t<div class=\"elementor-heading-title elementor-size-default\">Specialized portfolio managers in a complex sector\n<\/div>\t\t\t\t<\/div>\n\t\t\t\t<\/div>\n\t\t\t\t<div class=\"elementor-element elementor-element-1171e51 elementor-widget elementor-widget-text-editor\" data-id=\"1171e51\" data-element_type=\"widget\" data-e-type=\"widget\" data-widget_type=\"text-editor.default\">\n\t\t\t\t<div class=\"elementor-widget-container\">\n\t\t\t\t\t\t\t\t\t<p>Our investment team consists of portfolio managers who are responsible for different parts of the sector. The sub-sectors, pharmaceuticals, biotech, medical technology and healthcare services, all have different characteristics and drivers. The high level of innovation and complexity in the sector requires in-depth analysis.<\/p><h3><strong>Dynamic portfolio construction<\/strong><\/h3><p>Our portfolio construction is an important component in our model to reach a level of balance between risk and return in the fund. Our diversified portfolio consists of around 100-140 stocks, where several individual investments are less than 1 percent of the total portfolio. This method enables us to pressure-test newer, high potential companies early on in their journey and allow the position to grow gradually within the portfolio. Companies can also be removed without any major impact on the portfolio as a whole.<\/p><p>The fund has a global investment universe. The majority of the positions are, however, in the US where most of the healthcare industry is based.<\/p>\t\t\t\t\t\t\t\t<\/div>\n\t\t\t\t<\/div>\n\t\t\t\t<div class=\"elementor-element elementor-element-1c98cc3 elementor-mobile-align-justify elementor-widget elementor-widget-button\" data-id=\"1c98cc3\" data-element_type=\"widget\" data-e-type=\"widget\" data-widget_type=\"button.default\">\n\t\t\t\t<div class=\"elementor-widget-container\">\n\t\t\t\t\t\t\t\t\t<div class=\"elementor-button-wrapper\">\n\t\t\t\t\t<a class=\"elementor-button elementor-button-link elementor-size-sm\" href=\"https:\/\/rhepa.se\/en\/arbetssatt-och-organisation\/\">\n\t\t\t\t\t\t<span class=\"elementor-button-content-wrapper\">\n\t\t\t\t\t\t\t\t\t<span class=\"elementor-button-text\">Read more about our model<\/span>\n\t\t\t\t\t<\/span>\n\t\t\t\t\t<\/a>\n\t\t\t\t<\/div>\n\t\t\t\t\t\t\t\t<\/div>\n\t\t\t\t<\/div>\n\t\t\t\t<\/div>\n\t\t\t\t\t<\/div>\n\t\t\t\t<\/div>\n\t\t<div class=\"elementor-element elementor-element-ccc2ba9 falck_xl e-flex e-con-boxed e-con e-parent\" data-id=\"ccc2ba9\" data-element_type=\"container\" data-e-type=\"container\" data-settings=\"{&quot;background_background&quot;:&quot;classic&quot;}\">\n\t\t\t\t\t<div class=\"e-con-inner\">\n\t\t<div class=\"elementor-element elementor-element-01fafc9 e-con-full e-flex e-con e-child\" data-id=\"01fafc9\" data-element_type=\"container\" data-e-type=\"container\">\n\t\t\t\t<div class=\"elementor-element elementor-element-b709eaf elementor-widget elementor-widget-heading\" data-id=\"b709eaf\" data-element_type=\"widget\" data-e-type=\"widget\" data-widget_type=\"heading.default\">\n\t\t\t\t<div class=\"elementor-widget-container\">\n\t\t\t\t\t<span class=\"elementor-heading-title elementor-size-default\">\"P\u00e5 Rhenman &amp; Partners gifter vi vetenskaplig, finansiell och regulatorisk kunskap f\u00f6r att skapa en edge inom h\u00e4lsov\u00e5rdsf\u00f6rvaltning.\"<\/span>\t\t\t\t<\/div>\n\t\t\t\t<\/div>\n\t\t<div class=\"elementor-element elementor-element-50090fc e-con-full e-flex e-con e-child\" data-id=\"50090fc\" data-element_type=\"container\" data-e-type=\"container\">\n\t\t\t\t<div class=\"elementor-element elementor-element-bbe094b elementor-widget elementor-widget-heading\" data-id=\"bbe094b\" data-element_type=\"widget\" data-e-type=\"widget\" data-widget_type=\"heading.default\">\n\t\t\t\t<div class=\"elementor-widget-container\">\n\t\t\t\t\t<span class=\"elementor-heading-title elementor-size-default\">Hugo Schmidt<\/span>\t\t\t\t<\/div>\n\t\t\t\t<\/div>\n\t\t\t\t<div class=\"elementor-element elementor-element-4306975 elementor-widget elementor-widget-heading\" data-id=\"4306975\" data-element_type=\"widget\" data-e-type=\"widget\" data-widget_type=\"heading.default\">\n\t\t\t\t<div class=\"elementor-widget-container\">\n\t\t\t\t\t<span class=\"elementor-heading-title elementor-size-default\">Portfolio Manager<\/span>\t\t\t\t<\/div>\n\t\t\t\t<\/div>\n\t\t\t\t<\/div>\n\t\t\t\t<\/div>\n\t\t\t\t\t<\/div>\n\t\t\t\t<\/div>\n\t\t<div class=\"elementor-element elementor-element-514d360 e-flex e-con-boxed e-con e-parent\" data-id=\"514d360\" data-element_type=\"container\" data-e-type=\"container\" data-settings=\"{&quot;background_background&quot;:&quot;classic&quot;}\">\n\t\t\t\t\t<div class=\"e-con-inner\">\n\t\t<div class=\"elementor-element elementor-element-6380aaa e-con-full e-flex e-con e-child\" data-id=\"6380aaa\" data-element_type=\"container\" data-e-type=\"container\" data-settings=\"{&quot;background_background&quot;:&quot;classic&quot;}\">\n\t\t<div class=\"elementor-element elementor-element-be0402b e-flex e-con-boxed e-con e-child\" data-id=\"be0402b\" data-element_type=\"container\" data-e-type=\"container\">\n\t\t\t\t\t<div class=\"e-con-inner\">\n\t\t\t\t<div class=\"elementor-element elementor-element-a3a11aa elementor-widget elementor-widget-text-editor\" data-id=\"a3a11aa\" data-element_type=\"widget\" data-e-type=\"widget\" data-widget_type=\"text-editor.default\">\n\t\t\t\t<div class=\"elementor-widget-container\">\n\t\t\t\t\t\t\t\t\t<p>In the last six years, over 40 companies in our portfolio have been acquired. This has resulted in a positive development for the fund\u2019s initial investments and clearly demonstrates that our working method successfully identifies innovative companies at an early stage.<\/p>\t\t\t\t\t\t\t\t<\/div>\n\t\t\t\t<\/div>\n\t\t\t\t\t<\/div>\n\t\t\t\t<\/div>\n\t\t\t\t<\/div>\n\t\t\t\t\t<\/div>\n\t\t\t\t<\/div>\n\t\t<div class=\"elementor-element elementor-element-ab3a7a2 e-flex e-con-boxed e-con e-parent\" data-id=\"ab3a7a2\" data-element_type=\"container\" data-e-type=\"container\" data-settings=\"{&quot;background_background&quot;:&quot;classic&quot;}\">\n\t\t\t\t\t<div class=\"e-con-inner\">\n\t\t<div class=\"elementor-element elementor-element-ffe43a9 e-con-full e-flex e-con e-child\" data-id=\"ffe43a9\" data-element_type=\"container\" data-e-type=\"container\">\n\t\t\t\t<div class=\"elementor-element elementor-element-adf8b3f elementor-widget elementor-widget-heading\" data-id=\"adf8b3f\" data-element_type=\"widget\" data-e-type=\"widget\" data-widget_type=\"heading.default\">\n\t\t\t\t<div class=\"elementor-widget-container\">\n\t\t\t\t\t<h2 class=\"elementor-heading-title elementor-size-default\">Fund management\n<\/h2>\t\t\t\t<\/div>\n\t\t\t\t<\/div>\n\t\t\t\t<div class=\"elementor-element elementor-element-be044fd elementor-widget elementor-widget-text-editor\" data-id=\"be044fd\" data-element_type=\"widget\" data-e-type=\"widget\" data-widget_type=\"text-editor.default\">\n\t\t\t\t<div class=\"elementor-widget-container\">\n\t\t\t\t\t\t\t\t\t<p>The fund is managed by FundRock Management Company SA., who have commissioned Rhenman &amp; Partners Asset Management to manage the fund\u2019s portfolio.<\/p><p>Rhenman &amp; Partners is authorized to conduct securities operations in the form of discretionary portfolio management regarding financial instruments. This means that Rhenman &amp; Partners manages the fund\u2019s portfolio, i.e. buys and sells securities within the framework of the fund\u2019s investment regulations. However, we do not provide investment advice. Investors who are considering investing in the fund are strongly recommended to discuss investment questions with a professional investment advisor. For more information regarding the fund\u2019s legal structure, please refer to the prospectus and the fund fact sheets.<\/p>\t\t\t\t\t\t\t\t<\/div>\n\t\t\t\t<\/div>\n\t\t\t\t<\/div>\n\t\t<div class=\"elementor-element elementor-element-20d6746 e-con-full e-flex e-con e-child\" data-id=\"20d6746\" data-element_type=\"container\" data-e-type=\"container\">\n\t\t\t\t<div class=\"elementor-element elementor-element-e2a9dd0 elementor-widget elementor-widget-image\" data-id=\"e2a9dd0\" data-element_type=\"widget\" data-e-type=\"widget\" data-widget_type=\"image.default\">\n\t\t\t\t<div class=\"elementor-widget-container\">\n\t\t\t\t\t\t\t\t\t\t\t\t\t\t\t<img decoding=\"async\" width=\"800\" height=\"533\" src=\"https:\/\/rhepa.se\/wp-content\/uploads\/2025\/03\/shutterstock_216-1024x682.jpg\" class=\"attachment-large size-large wp-image-28712\" alt=\"\" srcset=\"https:\/\/rhepa.se\/wp-content\/uploads\/2025\/03\/shutterstock_216-1024x682.jpg 1024w, https:\/\/rhepa.se\/wp-content\/uploads\/2025\/03\/shutterstock_216-300x200.jpg 300w, https:\/\/rhepa.se\/wp-content\/uploads\/2025\/03\/shutterstock_216-768x512.jpg 768w, https:\/\/rhepa.se\/wp-content\/uploads\/2025\/03\/shutterstock_216-18x12.jpg 18w, https:\/\/rhepa.se\/wp-content\/uploads\/2025\/03\/shutterstock_216.jpg 1400w\" sizes=\"(max-width: 800px) 100vw, 800px\" \/>\t\t\t\t\t\t\t\t\t\t\t\t\t\t\t<\/div>\n\t\t\t\t<\/div>\n\t\t\t\t<\/div>\n\t\t\t\t\t<\/div>\n\t\t\t\t<\/div>\n\t\t\t\t<\/div>","protected":false},"excerpt":{"rendered":"<p>Fond med sektorfokus Rhenman Healthcare Equity L\/S \u00e4r en hedgefond med fullt fokus p\u00e5 h\u00e4lsov\u00e5rdssektorn. V\u00e5r expertis och v\u00e5r unika arbetsmetod, d\u00e4r v\u00e5ra portf\u00f6ljf\u00f6rvaltare lutar sig mot v\u00e5rt vetenskapliga r\u00e5d och deras globala kontaktn\u00e4t, har gjort att fonden sedan starten 2009 haft en h\u00f6g absolutavkastning. Se fondutvecklingen Rhenman Healthcare Equity L\/S (RHE L\/S) Viktig information: [&hellip;]<\/p>\n","protected":false},"author":11,"featured_media":0,"parent":0,"menu_order":0,"comment_status":"closed","ping_status":"closed","template":"","meta":{"_acf_changed":false,"footnotes":""},"class_list":["post-27123","page","type-page","status-publish","hentry"],"acf":[],"aioseo_notices":[],"_links":{"self":[{"href":"https:\/\/rhepa.se\/en\/wp-json\/wp\/v2\/pages\/27123","targetHints":{"allow":["GET"]}}],"collection":[{"href":"https:\/\/rhepa.se\/en\/wp-json\/wp\/v2\/pages"}],"about":[{"href":"https:\/\/rhepa.se\/en\/wp-json\/wp\/v2\/types\/page"}],"author":[{"embeddable":true,"href":"https:\/\/rhepa.se\/en\/wp-json\/wp\/v2\/users\/11"}],"replies":[{"embeddable":true,"href":"https:\/\/rhepa.se\/en\/wp-json\/wp\/v2\/comments?post=27123"}],"version-history":[{"count":247,"href":"https:\/\/rhepa.se\/en\/wp-json\/wp\/v2\/pages\/27123\/revisions"}],"predecessor-version":[{"id":32172,"href":"https:\/\/rhepa.se\/en\/wp-json\/wp\/v2\/pages\/27123\/revisions\/32172"}],"wp:attachment":[{"href":"https:\/\/rhepa.se\/en\/wp-json\/wp\/v2\/media?parent=27123"}],"curies":[{"name":"wp","href":"https:\/\/api.w.org\/{rel}","templated":true}]}}