{"id":28403,"date":"2025-03-26T16:55:09","date_gmt":"2025-03-26T16:55:09","guid":{"rendered":"https:\/\/rhepa.se\/?page_id=28403"},"modified":"2025-03-26T17:19:48","modified_gmt":"2025-03-26T17:19:48","slug":"test-startsida","status":"publish","type":"page","link":"https:\/\/rhepa.se\/en\/test-startsida\/","title":{"rendered":"Test startsida"},"content":{"rendered":"<div data-elementor-type=\"wp-page\" data-elementor-id=\"28403\" class=\"elementor elementor-28403\" data-elementor-post-type=\"page\">\n\t\t\t\t<div class=\"elementor-element elementor-element-8c98468 e-flex e-con-boxed e-con e-parent\" data-id=\"8c98468\" data-element_type=\"container\" data-e-type=\"container\">\n\t\t\t\t\t<div class=\"e-con-inner\">\n\t\t<div class=\"elementor-element elementor-element-10a63a2 e-con-full content-container e-flex e-con e-child\" data-id=\"10a63a2\" data-element_type=\"container\" data-e-type=\"container\">\n\t\t<div class=\"elementor-element elementor-element-1ce7d04 e-con-full e-flex e-con e-child\" data-id=\"1ce7d04\" data-element_type=\"container\" data-e-type=\"container\">\n\t\t\t\t<div class=\"elementor-element elementor-element-22d6243 elementor-widget elementor-widget-heading\" data-id=\"22d6243\" data-element_type=\"widget\" data-e-type=\"widget\" data-widget_type=\"heading.default\">\n\t\t\t\t<div class=\"elementor-widget-container\">\n\t\t\t\t\t<h2 class=\"elementor-heading-title elementor-size-default\">The Healthcare Specialist<\/h2>\t\t\t\t<\/div>\n\t\t\t\t<\/div>\n\t\t\t\t<div class=\"elementor-element elementor-element-b987410 elementor-widget elementor-widget-heading\" data-id=\"b987410\" data-element_type=\"widget\" data-e-type=\"widget\" data-widget_type=\"heading.default\">\n\t\t\t\t<div class=\"elementor-widget-container\">\n\t\t\t\t\t<h2 class=\"elementor-heading-title elementor-size-default\">Driven by Passion.<br>\nPowered by Science.<\/h2>\t\t\t\t<\/div>\n\t\t\t\t<\/div>\n\t\t\t\t<div class=\"elementor-element elementor-element-9dfdb60 elementor-widget elementor-widget-text-editor\" data-id=\"9dfdb60\" data-element_type=\"widget\" data-e-type=\"widget\" data-widget_type=\"text-editor.default\">\n\t\t\t\t<div class=\"elementor-widget-container\">\n\t\t\t\t\t\t\t\t\t<p>Passion is our driver and science is our foundation. This has enabled the fund to increase by XXX % and has produced an annual return of XX % since its inception in 2009.*<\/p><p>*As of XX-XX-XXXX (IC1 EUR)<\/p>\t\t\t\t\t\t\t\t<\/div>\n\t\t\t\t<\/div>\n\t\t<div class=\"elementor-element elementor-element-a7bee10 e-con-full e-flex e-con e-child\" data-id=\"a7bee10\" data-element_type=\"container\" data-e-type=\"container\">\n\t\t\t\t<div class=\"elementor-element elementor-element-2ba34c2 elementor-align-left elementor-mobile-align-justify elementor-widget elementor-widget-button\" data-id=\"2ba34c2\" data-element_type=\"widget\" data-e-type=\"widget\" data-widget_type=\"button.default\">\n\t\t\t\t<div class=\"elementor-widget-container\">\n\t\t\t\t\t\t\t\t\t<div class=\"elementor-button-wrapper\">\n\t\t\t\t\t<a class=\"elementor-button elementor-size-sm\" role=\"button\">\n\t\t\t\t\t\t<span class=\"elementor-button-content-wrapper\">\n\t\t\t\t\t\t\t\t\t<span class=\"elementor-button-text\">Our unique method<\/span>\n\t\t\t\t\t<\/span>\n\t\t\t\t\t<\/a>\n\t\t\t\t<\/div>\n\t\t\t\t\t\t\t\t<\/div>\n\t\t\t\t<\/div>\n\t\t\t\t<div class=\"elementor-element elementor-element-cbd6888 elementor-mobile-align-justify elementor-widget elementor-widget-button\" data-id=\"cbd6888\" data-element_type=\"widget\" data-e-type=\"widget\" data-widget_type=\"button.default\">\n\t\t\t\t<div class=\"elementor-widget-container\">\n\t\t\t\t\t\t\t\t\t<div class=\"elementor-button-wrapper\">\n\t\t\t\t\t<a class=\"elementor-button elementor-button-link elementor-size-sm\" href=\"#elementor-action%3Aaction%3Dpopup%3Aopen%26settings%3DeyJpZCI6IjI2NjQ4IiwidG9nZ2xlIjpmYWxzZX0%3D\">\n\t\t\t\t\t\t<span class=\"elementor-button-content-wrapper\">\n\t\t\t\t\t\t\t\t\t<span class=\"elementor-button-text\">See our film<\/span>\n\t\t\t\t\t<\/span>\n\t\t\t\t\t<\/a>\n\t\t\t\t<\/div>\n\t\t\t\t\t\t\t\t<\/div>\n\t\t\t\t<\/div>\n\t\t\t\t<\/div>\n\t\t\t\t<\/div>\n\t\t\t\t<\/div>\n\t\t<div class=\"elementor-element elementor-element-3b18364 e-con-full video-mask-container e-flex e-con e-child\" data-id=\"3b18364\" data-element_type=\"container\" data-e-type=\"container\" data-settings=\"{&quot;background_background&quot;:&quot;video&quot;,&quot;background_video_link&quot;:&quot;https:\\\/\\\/rhepa.se\\\/wp-content\\\/uploads\\\/2025\\\/03\\\/rhepa_bg_h265.mp4&quot;}\">\n\t\t<div class=\"elementor-background-video-container elementor-hidden-mobile\">\n\t\t\t\t\t\t\t<video class=\"elementor-background-video-hosted\" role=\"presentation\" autoplay muted playsinline loop><\/video>\n\t\t\t\t\t<\/div>\t\t<\/div>\n\t\t\t\t\t<\/div>\n\t\t\t\t<\/div>\n\t\t\t\t<\/div>","protected":false},"excerpt":{"rendered":"<p>The Healthcare Specialist Driven by Passion. Powered by Science. Vi drivs av v\u00e5r passion och lutar oss mot vetenskapen. Det har gjort att fonden vi f\u00f6rvaltar har stigit med XXX% och att den haft en genomsnittlig \u00e5rlig avkastning p\u00e5 XX% sedan starten 2009.* *Per XX-XX f\u00f6r RC1 (SEK) V\u00e5r unika metod Se filmen om oss<\/p>","protected":false},"author":11,"featured_media":0,"parent":0,"menu_order":0,"comment_status":"closed","ping_status":"closed","template":"","meta":{"_acf_changed":false,"footnotes":""},"class_list":["post-28403","page","type-page","status-publish","hentry"],"acf":[],"aioseo_notices":[],"_links":{"self":[{"href":"https:\/\/rhepa.se\/en\/wp-json\/wp\/v2\/pages\/28403","targetHints":{"allow":["GET"]}}],"collection":[{"href":"https:\/\/rhepa.se\/en\/wp-json\/wp\/v2\/pages"}],"about":[{"href":"https:\/\/rhepa.se\/en\/wp-json\/wp\/v2\/types\/page"}],"author":[{"embeddable":true,"href":"https:\/\/rhepa.se\/en\/wp-json\/wp\/v2\/users\/11"}],"replies":[{"embeddable":true,"href":"https:\/\/rhepa.se\/en\/wp-json\/wp\/v2\/comments?post=28403"}],"version-history":[{"count":6,"href":"https:\/\/rhepa.se\/en\/wp-json\/wp\/v2\/pages\/28403\/revisions"}],"predecessor-version":[{"id":28414,"href":"https:\/\/rhepa.se\/en\/wp-json\/wp\/v2\/pages\/28403\/revisions\/28414"}],"wp:attachment":[{"href":"https:\/\/rhepa.se\/en\/wp-json\/wp\/v2\/media?parent=28403"}],"curies":[{"name":"wp","href":"https:\/\/api.w.org\/{rel}","templated":true}]}}