{"id":30978,"date":"2025-06-01T08:31:54","date_gmt":"2025-06-01T08:31:54","guid":{"rendered":"https:\/\/rhepa.se\/?page_id=30978"},"modified":"2026-03-19T09:36:00","modified_gmt":"2026-03-19T09:36:00","slug":"cookiepolicy","status":"publish","type":"page","link":"https:\/\/rhepa.se\/en\/cookiepolicy\/","title":{"rendered":"Cookiepolicy"},"content":{"rendered":"<div data-elementor-type=\"wp-page\" data-elementor-id=\"30978\" class=\"elementor elementor-30978\" data-elementor-post-type=\"page\">\n\t\t\t\t<div class=\"elementor-element elementor-element-3a2c556 e-con-full hero-mask-bg e-flex e-con e-parent\" data-id=\"3a2c556\" data-element_type=\"container\" data-e-type=\"container\" data-settings=\"{&quot;background_background&quot;:&quot;classic&quot;}\">\n\t\t\t\t<\/div>\n\t\t<div class=\"elementor-element elementor-element-119f994 e-flex e-con-boxed e-con e-parent\" data-id=\"119f994\" data-element_type=\"container\" data-e-type=\"container\" data-settings=\"{&quot;background_background&quot;:&quot;classic&quot;}\">\n\t\t\t\t\t<div class=\"e-con-inner\">\n\t\t<div class=\"elementor-element elementor-element-e9ee14e e-con-full e-flex e-con e-child\" data-id=\"e9ee14e\" data-element_type=\"container\" data-e-type=\"container\">\n\t\t<div class=\"elementor-element elementor-element-fa8ace0 e-con-full e-flex e-con e-child\" data-id=\"fa8ace0\" data-element_type=\"container\" data-e-type=\"container\">\n\t\t<div class=\"elementor-element elementor-element-afa0317 e-con-full e-flex e-con e-child\" data-id=\"afa0317\" data-element_type=\"container\" data-e-type=\"container\">\n\t\t\t\t<div class=\"elementor-element elementor-element-2179fee elementor-widget elementor-widget-heading\" data-id=\"2179fee\" data-element_type=\"widget\" data-e-type=\"widget\" data-widget_type=\"heading.default\">\n\t\t\t\t<div class=\"elementor-widget-container\">\n\t\t\t\t\t<h1 class=\"elementor-heading-title elementor-size-default\">Cookiepolicy<\/h1>\t\t\t\t<\/div>\n\t\t\t\t<\/div>\n\t\t\t\t<\/div>\n\t\t\t\t<\/div>\n\t\t\t\t<\/div>\n\t\t<div class=\"elementor-element elementor-element-3471437 e-con-full e-flex e-con e-child\" data-id=\"3471437\" data-element_type=\"container\" data-e-type=\"container\">\n\t\t\t\t<\/div>\n\t\t\t\t\t<\/div>\n\t\t\t\t<\/div>\n\t\t<div class=\"elementor-element elementor-element-b6f7f5a e-flex e-con-boxed e-con e-parent\" data-id=\"b6f7f5a\" data-element_type=\"container\" data-e-type=\"container\">\n\t\t\t\t\t<div class=\"e-con-inner\">\n\t\t<div class=\"elementor-element elementor-element-ae910b2 e-con-full e-flex e-con e-child\" data-id=\"ae910b2\" data-element_type=\"container\" data-e-type=\"container\">\n\t\t\t\t<div class=\"elementor-element elementor-element-6e870c7 elementor-widget elementor-widget-heading\" data-id=\"6e870c7\" data-element_type=\"widget\" data-e-type=\"widget\" data-widget_type=\"heading.default\">\n\t\t\t\t<div class=\"elementor-widget-container\">\n\t\t\t\t\t<h2 class=\"elementor-heading-title elementor-size-default\">Information om anv\u00e4ndandet av cookies p\u00e5\nRhenman &amp; Partners hemsida<\/h2>\t\t\t\t<\/div>\n\t\t\t\t<\/div>\n\t\t\t\t<div class=\"elementor-element elementor-element-b66b0c4 elementor-widget elementor-widget-text-editor\" data-id=\"b66b0c4\" data-element_type=\"widget\" data-e-type=\"widget\" data-widget_type=\"text-editor.default\">\n\t\t\t\t<div class=\"elementor-widget-container\">\n\t\t\t\t\t\t\t\t\t<p>A cookie is a text file containing letters and numbers that websites store on your device.<\/p><p>The cookie is intended to facilitate the use of the website in various ways. Cookies on our website are sent from Rhenman &amp; Partners or third parties and are stored on your device in different ways depending on the type of cookie.<\/p><p>Cookies are used to make it easier to use our website, for example by displaying customized information or saving settings you have chosen so that you don\u2019t have to set them again each time you visit the website.<\/p><p>Cookies also help us learn more about the needs of our visitors. Among other things, they provide us with statistics that we can measure and use to improve our website.<\/p><p><strong>The cookies used are intended to improve our services.<\/strong><\/p><p>Necessary cookies are used to ensure our website functions properly, to maintain security, and to save certain features. You can set your browser to block these cookies, but parts of our website may then stop working.<\/p><p>Necessary cookies also include so-called preference cookies. For example, they save settings such as language selection. These basic cookies are used to simplify the use of our services. These cookies cannot be opted out of.<\/p><p>For non-critical functions, we use so-called functional cookies. These cookies can be used, for example, for A\/B testing and personalization of services.<\/p><p>If you decline these cookies, certain functionality on the website may be affected. So-called performance cookies are used to collect analytical information about users of the website. These cookies help us, for example, see which pages are most or least visited and how visitors navigate the site.<br \/>minst bes\u00f6kta, eller hur kort svarstid vi har. Denna data hj\u00e4lper oss att ta informerade beslut kring hur vi kan f\u00f6rb\u00e4ttra v\u00e5ra tj\u00e4nster.<\/p><p>If you want to change your cookie settings, please click <a class=\"cky-banner-element\" href=\"#\">here<\/a><\/p>\t\t\t\t\t\t\t\t<\/div>\n\t\t\t\t<\/div>\n\t\t\t\t<\/div>\n\t\t\t\t<div class=\"elementor-element elementor-element-6bd3c9c elementor-widget elementor-widget-shortcode\" data-id=\"6bd3c9c\" data-element_type=\"widget\" data-e-type=\"widget\" data-widget_type=\"shortcode.default\">\n\t\t\t\t<div class=\"elementor-widget-container\">\n\t\t\t\t\t\t\t<div class=\"elementor-shortcode\"><div class= \"cky-audit-table-element\"><\/div><\/div>\n\t\t\t\t\t\t<\/div>\n\t\t\t\t<\/div>\n\t\t\t\t\t<\/div>\n\t\t\t\t<\/div>\n\t\t\t\t<\/div>","protected":false},"excerpt":{"rendered":"<p>Cookiepolicy Information om anv\u00e4ndandet av cookies p\u00e5 Rhenman &amp; Partners hemsida En cookie \u00e4r en textfil med bokst\u00e4ver och siffror som webbplatser sparar p\u00e5 din enhet. Cookien \u00e4r till f\u00f6r att p\u00e5 olika s\u00e4tt underl\u00e4tta anv\u00e4ndning av webbplatsen. Cookies p\u00e5 v\u00e5r webbplats skickas fr\u00e5n Rhenman &amp; Partners, eller tredje parter och sparas p\u00e5 din enhet [&hellip;]<\/p>\n","protected":false},"author":9,"featured_media":0,"parent":0,"menu_order":0,"comment_status":"closed","ping_status":"closed","template":"","meta":{"_acf_changed":false,"footnotes":""},"class_list":["post-30978","page","type-page","status-publish","hentry"],"acf":[],"aioseo_notices":[],"_links":{"self":[{"href":"https:\/\/rhepa.se\/en\/wp-json\/wp\/v2\/pages\/30978","targetHints":{"allow":["GET"]}}],"collection":[{"href":"https:\/\/rhepa.se\/en\/wp-json\/wp\/v2\/pages"}],"about":[{"href":"https:\/\/rhepa.se\/en\/wp-json\/wp\/v2\/types\/page"}],"author":[{"embeddable":true,"href":"https:\/\/rhepa.se\/en\/wp-json\/wp\/v2\/users\/9"}],"replies":[{"embeddable":true,"href":"https:\/\/rhepa.se\/en\/wp-json\/wp\/v2\/comments?post=30978"}],"version-history":[{"count":34,"href":"https:\/\/rhepa.se\/en\/wp-json\/wp\/v2\/pages\/30978\/revisions"}],"predecessor-version":[{"id":32383,"href":"https:\/\/rhepa.se\/en\/wp-json\/wp\/v2\/pages\/30978\/revisions\/32383"}],"wp:attachment":[{"href":"https:\/\/rhepa.se\/en\/wp-json\/wp\/v2\/media?parent=30978"}],"curies":[{"name":"wp","href":"https:\/\/api.w.org\/{rel}","templated":true}]}}