{"id":719,"date":"2020-01-24T15:49:27","date_gmt":"2020-01-24T15:49:27","guid":{"rendered":"https:\/\/rhepa.se\/webcast\/"},"modified":"2025-06-10T12:16:41","modified_gmt":"2025-06-10T12:16:41","slug":"webcast","status":"publish","type":"page","link":"https:\/\/rhepa.se\/en\/webcast\/","title":{"rendered":"Webcast and Podcast"},"content":{"rendered":"<div data-elementor-type=\"wp-page\" data-elementor-id=\"719\" class=\"elementor elementor-719\" data-elementor-post-type=\"page\">\n\t\t\t\t<div class=\"elementor-element elementor-element-b343bd3 e-con-full hero-mask-bg  e-flex e-con e-parent\" data-id=\"b343bd3\" data-element_type=\"container\" data-e-type=\"container\" data-settings=\"{&quot;background_background&quot;:&quot;classic&quot;}\">\n\t\t\t\t<\/div>\n\t\t<div class=\"elementor-element elementor-element-b53b40f e-flex e-con-boxed e-con e-parent\" data-id=\"b53b40f\" data-element_type=\"container\" data-e-type=\"container\" data-settings=\"{&quot;background_background&quot;:&quot;classic&quot;}\">\n\t\t\t\t\t<div class=\"e-con-inner\">\n\t\t<div class=\"elementor-element elementor-element-8b9520a e-con-full e-flex e-con e-child\" data-id=\"8b9520a\" data-element_type=\"container\" data-e-type=\"container\">\n\t\t\t\t<div class=\"elementor-element elementor-element-bde7a75 elementor-widget elementor-widget-heading\" data-id=\"bde7a75\" data-element_type=\"widget\" data-e-type=\"widget\" data-widget_type=\"heading.default\">\n\t\t\t\t<div class=\"elementor-widget-container\">\n\t\t\t\t\t<h1 class=\"elementor-heading-title elementor-size-default\">Webcast and <br> podcast\n<\/h1>\t\t\t\t<\/div>\n\t\t\t\t<\/div>\n\t\t\t\t<\/div>\n\t\t<div class=\"elementor-element elementor-element-6f9a533 e-con-full e-flex e-con e-child\" data-id=\"6f9a533\" data-element_type=\"container\" data-e-type=\"container\">\n\t\t\t\t<div class=\"elementor-element elementor-element-488f033 elementor-widget elementor-widget-text-editor\" data-id=\"488f033\" data-element_type=\"widget\" data-e-type=\"widget\" data-widget_type=\"text-editor.default\">\n\t\t\t\t<div class=\"elementor-widget-container\">\n\t\t\t\t\t\t\t\t\t<p>Access interviews with our portfolio managers by watching our webcast or listening to our podcast here.<\/p><p>In these interviews we do a deep dive in the healthcare sector. Henrik Mitelman, journalist, columnist and macro economist, interviews our portfolio managers about current events. They discuss medical trends and advancements, the political scene and macro environment, but also other themes and events which affect the sector.<\/p><p>The purpose of the presentation is only to provide information about the fund and the industry in which the fund operates. Rhenman &amp; Partners is solely the portfolio manager of the fund. Rhenman &amp; Partners is not authorized to provide \u2013 and will not provide \u2013 investment recommendations to investors. Investors and potential investors considering investing in the fund should discuss the matter with a professional investment advisor.<\/p><p>You can listen to our Portfolio Manager interviews as a podcast. You can find the podcast here: <a href=\"https:\/\/podcasts.apple.com\/se\/podcast\/rhenman-partners\/id1527731561\" target=\"_blank\" rel=\"noopener\">Apple Podcasts<\/a>, <a href=\"https:\/\/open.spotify.com\/show\/4kgD3VotUm8PVBgtam852W?si=POJIQ9hjQiOH738OOCGnCA&amp;nd=1&amp;dlsi=369b548f0888496d\" target=\"_blank\" rel=\"noopener\">Spotify<\/a>, <a href=\"https:\/\/rhenmanpartners.podbean.com\/\" target=\"_blank\" rel=\"noopener\">PodBean<\/a> .<\/p>\t\t\t\t\t\t\t\t<\/div>\n\t\t\t\t<\/div>\n\t\t\t\t<\/div>\n\t\t\t\t\t<\/div>\n\t\t\t\t<\/div>\n\t\t<div class=\"elementor-element elementor-element-b68b1d7 e-flex e-con-boxed e-con e-parent\" data-id=\"b68b1d7\" data-element_type=\"container\" data-e-type=\"container\" data-settings=\"{&quot;background_background&quot;:&quot;classic&quot;}\">\n\t\t\t\t\t<div class=\"e-con-inner\">\n\t\t<div class=\"elementor-element elementor-element-d892085 e-con-full e-flex e-con e-child\" data-id=\"d892085\" data-element_type=\"container\" data-e-type=\"container\" data-settings=\"{&quot;background_background&quot;:&quot;classic&quot;}\">\n\t\t\t\t<div class=\"elementor-element elementor-element-3471ae8 elementor-widget elementor-widget-image\" data-id=\"3471ae8\" data-element_type=\"widget\" data-e-type=\"widget\" data-widget_type=\"image.default\">\n\t\t\t\t<div class=\"elementor-widget-container\">\n\t\t\t\t\t\t\t\t\t\t\t\t\t\t\t<img fetchpriority=\"high\" decoding=\"async\" width=\"1920\" height=\"1080\" src=\"https:\/\/rhepa.se\/wp-content\/uploads\/2025\/04\/Rhenman-intro_bild_till_hemsidan2.jpg\" class=\"attachment-full size-full wp-image-29361\" alt=\"\" srcset=\"https:\/\/rhepa.se\/wp-content\/uploads\/2025\/04\/Rhenman-intro_bild_till_hemsidan2.jpg 1920w, https:\/\/rhepa.se\/wp-content\/uploads\/2025\/04\/Rhenman-intro_bild_till_hemsidan2-300x169.jpg 300w, https:\/\/rhepa.se\/wp-content\/uploads\/2025\/04\/Rhenman-intro_bild_till_hemsidan2-1024x576.jpg 1024w, https:\/\/rhepa.se\/wp-content\/uploads\/2025\/04\/Rhenman-intro_bild_till_hemsidan2-768x432.jpg 768w, https:\/\/rhepa.se\/wp-content\/uploads\/2025\/04\/Rhenman-intro_bild_till_hemsidan2-1536x864.jpg 1536w, https:\/\/rhepa.se\/wp-content\/uploads\/2025\/04\/Rhenman-intro_bild_till_hemsidan2-18x10.jpg 18w\" sizes=\"(max-width: 1920px) 100vw, 1920px\" \/>\t\t\t\t\t\t\t\t\t\t\t\t\t\t\t<\/div>\n\t\t\t\t<\/div>\n\t\t<div class=\"elementor-element elementor-element-6a6be00 e-con-full e-flex e-con e-child\" data-id=\"6a6be00\" data-element_type=\"container\" data-e-type=\"container\" data-settings=\"{&quot;position&quot;:&quot;absolute&quot;}\">\n\t\t\t\t<div class=\"elementor-element elementor-element-65a4ead elementor-widget elementor-widget-heading\" data-id=\"65a4ead\" data-element_type=\"widget\" data-e-type=\"widget\" data-widget_type=\"heading.default\">\n\t\t\t\t<div class=\"elementor-widget-container\">\n\t\t\t\t\t<h2 class=\"elementor-heading-title elementor-size-default\">Rhenman &amp; Partners <br> Webcast<\/h2>\t\t\t\t<\/div>\n\t\t\t\t<\/div>\n\t\t\t\t<div class=\"elementor-element elementor-element-428cc19 elementor-align-center elementor-mobile-align-justify elementor-widget elementor-widget-button\" data-id=\"428cc19\" data-element_type=\"widget\" data-e-type=\"widget\" data-widget_type=\"button.default\">\n\t\t\t\t<div class=\"elementor-widget-container\">\n\t\t\t\t\t\t\t\t\t<div class=\"elementor-button-wrapper\">\n\t\t\t\t\t<a class=\"elementor-button elementor-button-link elementor-size-sm\" href=\"https:\/\/www.youtube.com\/@rhenmanpartners8621\/videos\" target=\"_blank\">\n\t\t\t\t\t\t<span class=\"elementor-button-content-wrapper\">\n\t\t\t\t\t\t\t\t\t<span class=\"elementor-button-text\">See webcast<\/span>\n\t\t\t\t\t<\/span>\n\t\t\t\t\t<\/a>\n\t\t\t\t<\/div>\n\t\t\t\t\t\t\t\t<\/div>\n\t\t\t\t<\/div>\n\t\t\t\t<\/div>\n\t\t\t\t<\/div>\n\t\t\t\t\t<\/div>\n\t\t\t\t<\/div>\n\t\t\t\t<\/div>","protected":false},"excerpt":{"rendered":"<p>Webcast och podcast Se intervjuer med v\u00e5ra f\u00f6rvaltare i form av en webcast eller lyssna p\u00e5 v\u00e5r podcast h\u00e4r. I dessa intervjuer djupdyker vi i h\u00e4lsov\u00e5rdssektorn. Henrik Mitelman, journalist, kr\u00f6nik\u00f6r och makroekonom intervjuar v\u00e5ra f\u00f6rvaltare om det r\u00e5dande l\u00e4get. De diskuterar medicinska trender och utveckling, forskningsframsteg, det politiska l\u00e4get och makromilj\u00f6n, men \u00e4ven andra teman [&hellip;]<\/p>\n","protected":false},"author":1,"featured_media":25147,"parent":0,"menu_order":0,"comment_status":"closed","ping_status":"closed","template":"","meta":{"_acf_changed":false,"footnotes":""},"class_list":["post-719","page","type-page","status-publish","has-post-thumbnail","hentry"],"acf":[],"aioseo_notices":[],"_links":{"self":[{"href":"https:\/\/rhepa.se\/en\/wp-json\/wp\/v2\/pages\/719","targetHints":{"allow":["GET"]}}],"collection":[{"href":"https:\/\/rhepa.se\/en\/wp-json\/wp\/v2\/pages"}],"about":[{"href":"https:\/\/rhepa.se\/en\/wp-json\/wp\/v2\/types\/page"}],"author":[{"embeddable":true,"href":"https:\/\/rhepa.se\/en\/wp-json\/wp\/v2\/users\/1"}],"replies":[{"embeddable":true,"href":"https:\/\/rhepa.se\/en\/wp-json\/wp\/v2\/comments?post=719"}],"version-history":[{"count":159,"href":"https:\/\/rhepa.se\/en\/wp-json\/wp\/v2\/pages\/719\/revisions"}],"predecessor-version":[{"id":31051,"href":"https:\/\/rhepa.se\/en\/wp-json\/wp\/v2\/pages\/719\/revisions\/31051"}],"wp:featuredmedia":[{"embeddable":true,"href":"https:\/\/rhepa.se\/en\/wp-json\/wp\/v2\/media\/25147"}],"wp:attachment":[{"href":"https:\/\/rhepa.se\/en\/wp-json\/wp\/v2\/media?parent=719"}],"curies":[{"name":"wp","href":"https:\/\/api.w.org\/{rel}","templated":true}]}}