{"id":74,"date":"2020-01-23T08:13:35","date_gmt":"2020-01-23T08:13:35","guid":{"rendered":"https:\/\/rhepa.se\/?page_id=74"},"modified":"2026-03-23T09:09:38","modified_gmt":"2026-03-23T09:09:38","slug":"om-oss","status":"publish","type":"page","link":"https:\/\/rhepa.se\/en\/om-oss\/","title":{"rendered":"Rhenman &#038; Partners Asset Management"},"content":{"rendered":"<div data-elementor-type=\"wp-page\" data-elementor-id=\"74\" class=\"elementor elementor-74\" data-elementor-post-type=\"page\">\n\t\t\t\t<div class=\"elementor-element elementor-element-1339af7 e-con-full hero-mask-bg e-flex e-con e-parent\" data-id=\"1339af7\" data-element_type=\"container\" data-e-type=\"container\" data-settings=\"{&quot;background_background&quot;:&quot;classic&quot;}\">\n\t\t\t\t<\/div>\n\t\t<div class=\"elementor-element elementor-element-9ce16b7 e-flex e-con-boxed e-con e-parent\" data-id=\"9ce16b7\" data-element_type=\"container\" data-e-type=\"container\">\n\t\t\t\t\t<div class=\"e-con-inner\">\n\t\t<div class=\"elementor-element elementor-element-ad1d680 e-con-full e-flex e-con e-child\" data-id=\"ad1d680\" data-element_type=\"container\" data-e-type=\"container\">\n\t\t\t\t<div class=\"elementor-element elementor-element-1d68dc5 elementor-widget elementor-widget-heading\" data-id=\"1d68dc5\" data-element_type=\"widget\" data-e-type=\"widget\" data-widget_type=\"heading.default\">\n\t\t\t\t<div class=\"elementor-widget-container\">\n\t\t\t\t\t<h1 class=\"elementor-heading-title elementor-size-default\">Om Rhenman &amp; Partners\n<\/h1>\t\t\t\t<\/div>\n\t\t\t\t<\/div>\n\t\t\t\t<\/div>\n\t\t<div class=\"elementor-element elementor-element-dc5594d e-con-full e-flex e-con e-child\" data-id=\"dc5594d\" data-element_type=\"container\" data-e-type=\"container\">\n\t\t\t\t<div class=\"elementor-element elementor-element-20ccefc elementor-widget elementor-widget-text-editor\" data-id=\"20ccefc\" data-element_type=\"widget\" data-e-type=\"widget\" data-widget_type=\"text-editor.default\">\n\t\t\t\t<div class=\"elementor-widget-container\">\n\t\t\t\t\t\t\t\t\t<p>Rhenman &amp; Partners Asset Management was founded in 2008 and is an independent asset manager focused on the healthcare sector. As a niche manager within the growing and innovative healthcare sector we have the prerequisites for finding tomorrow's winners.<\/p><p>All employees are based in the Stockholm office.  Our experience and expertise from both the financial and the medical fields gives us the depth and breadth to shape our competitive edge.<\/p><p>At Rhenman &amp; Partners we are passionate about identifying and managing the opportunities within the expansive healthcare sector.<\/p><p>Since day one our ambition has been clear: To be one of the best global niche healthcare fund managers. Our unique way of working was created to achieve that goal.<\/p>\t\t\t\t\t\t\t\t<\/div>\n\t\t\t\t<\/div>\n\t\t\t\t<\/div>\n\t\t\t\t\t<\/div>\n\t\t\t\t<\/div>\n\t\t<div class=\"elementor-element elementor-element-58c86dc e-flex e-con-boxed e-con e-parent\" data-id=\"58c86dc\" data-element_type=\"container\" data-e-type=\"container\" data-settings=\"{&quot;background_background&quot;:&quot;classic&quot;}\">\n\t\t\t\t\t<div class=\"e-con-inner\">\n\t\t<div class=\"elementor-element elementor-element-45a01d6 e-con-full e-flex e-con e-child\" data-id=\"45a01d6\" data-element_type=\"container\" data-e-type=\"container\">\n\t\t\t\t<div class=\"elementor-element elementor-element-9c0cb0b elementor-widget elementor-widget-image\" data-id=\"9c0cb0b\" data-element_type=\"widget\" data-e-type=\"widget\" data-widget_type=\"image.default\">\n\t\t\t\t<div class=\"elementor-widget-container\">\n\t\t\t\t\t\t\t\t\t\t\t\t\t\t\t<img fetchpriority=\"high\" decoding=\"async\" width=\"800\" height=\"450\" src=\"https:\/\/rhepa.se\/wp-content\/uploads\/2025\/04\/Rhenman-intro_bild_till_hemsidan2-1024x576.jpg\" class=\"attachment-large size-large wp-image-29361\" alt=\"\" srcset=\"https:\/\/rhepa.se\/wp-content\/uploads\/2025\/04\/Rhenman-intro_bild_till_hemsidan2-1024x576.jpg 1024w, https:\/\/rhepa.se\/wp-content\/uploads\/2025\/04\/Rhenman-intro_bild_till_hemsidan2-300x169.jpg 300w, https:\/\/rhepa.se\/wp-content\/uploads\/2025\/04\/Rhenman-intro_bild_till_hemsidan2-768x432.jpg 768w, https:\/\/rhepa.se\/wp-content\/uploads\/2025\/04\/Rhenman-intro_bild_till_hemsidan2-1536x864.jpg 1536w, https:\/\/rhepa.se\/wp-content\/uploads\/2025\/04\/Rhenman-intro_bild_till_hemsidan2-18x10.jpg 18w, https:\/\/rhepa.se\/wp-content\/uploads\/2025\/04\/Rhenman-intro_bild_till_hemsidan2.jpg 1920w\" sizes=\"(max-width: 800px) 100vw, 800px\" \/>\t\t\t\t\t\t\t\t\t\t\t\t\t\t\t<\/div>\n\t\t\t\t<\/div>\n\t\t\t\t<\/div>\n\t\t<div class=\"elementor-element elementor-element-ba52c1c e-con-full e-flex e-con e-child\" data-id=\"ba52c1c\" data-element_type=\"container\" data-e-type=\"container\">\n\t\t\t\t<div class=\"elementor-element elementor-element-10f3554 elementor-widget elementor-widget-text-editor\" data-id=\"10f3554\" data-element_type=\"widget\" data-e-type=\"widget\" data-widget_type=\"text-editor.default\">\n\t\t\t\t<div class=\"elementor-widget-container\">\n\t\t\t\t\t\t\t\t\t<p>The fund is managed by FundRock Management Company SA., who have commissioned Rhenman &amp; Partners Asset Management to manage the fund\u2019s portfolio. However, we do not provide investment advice. Investors who are considering investing in the fund are strongly recommended to discuss investment questions with a professional investment advisor. For more information regarding the fund\u2019s legal structure, please refer to the prospectus and the fund fact sheets.<\/p><p>Rhenman &amp; Partners Asset Management AB, based in Stockholm, is authorized to conduct securities operations in the form of discretionary portfolio management regarding financial instruments.<\/p>\t\t\t\t\t\t\t\t<\/div>\n\t\t\t\t<\/div>\n\t\t\t\t<\/div>\n\t\t\t\t\t<\/div>\n\t\t\t\t<\/div>\n\t\t\t\t<\/div>","protected":false},"excerpt":{"rendered":"<p>Om Rhenman &amp; Partners Rhenman &amp; Partners Asset Management grundades 2008 och \u00e4r en oberoende kapitalf\u00f6rvaltare med fokus p\u00e5 h\u00e4lsov\u00e5rdsinvesteringar. Som nischf\u00f6rvaltare inom den expansiva och innovativa h\u00e4lsov\u00e5rdssektorn har vi goda m\u00f6jligheter att hitta morgondagens vinnare. Alla medarbetare \u00e4r baserade p\u00e5 kontoret i Stockholm. Det sker ett st\u00e4ndigt utbyte av id\u00e9er och samarbete mellan organisationens [&hellip;]<\/p>\n","protected":false},"author":1,"featured_media":0,"parent":0,"menu_order":0,"comment_status":"closed","ping_status":"closed","template":"","meta":{"_acf_changed":false,"footnotes":""},"class_list":["post-74","page","type-page","status-publish","hentry"],"acf":[],"aioseo_notices":[],"_links":{"self":[{"href":"https:\/\/rhepa.se\/en\/wp-json\/wp\/v2\/pages\/74","targetHints":{"allow":["GET"]}}],"collection":[{"href":"https:\/\/rhepa.se\/en\/wp-json\/wp\/v2\/pages"}],"about":[{"href":"https:\/\/rhepa.se\/en\/wp-json\/wp\/v2\/types\/page"}],"author":[{"embeddable":true,"href":"https:\/\/rhepa.se\/en\/wp-json\/wp\/v2\/users\/1"}],"replies":[{"embeddable":true,"href":"https:\/\/rhepa.se\/en\/wp-json\/wp\/v2\/comments?post=74"}],"version-history":[{"count":222,"href":"https:\/\/rhepa.se\/en\/wp-json\/wp\/v2\/pages\/74\/revisions"}],"predecessor-version":[{"id":32414,"href":"https:\/\/rhepa.se\/en\/wp-json\/wp\/v2\/pages\/74\/revisions\/32414"}],"wp:attachment":[{"href":"https:\/\/rhepa.se\/en\/wp-json\/wp\/v2\/media?parent=74"}],"curies":[{"name":"wp","href":"https:\/\/api.w.org\/{rel}","templated":true}]}}