{"id":821,"date":"2020-02-10T15:55:40","date_gmt":"2020-02-10T15:55:40","guid":{"rendered":"https:\/\/rhepa.se\/?page_id=821"},"modified":"2026-01-16T15:08:20","modified_gmt":"2026-01-16T15:08:20","slug":"prenumerera-pa-vara-manadsbrev-o-webcast","status":"publish","type":"page","link":"https:\/\/rhepa.se\/en\/prenumerera-pa-vara-manadsbrev-o-webcast\/","title":{"rendered":"Prenumerationer"},"content":{"rendered":"\t\t<div data-elementor-type=\"wp-page\" data-elementor-id=\"821\" class=\"elementor elementor-821\" data-elementor-post-type=\"page\">\n\t\t\t\t<div class=\"elementor-element elementor-element-becf6f6 e-flex e-con-boxed e-con e-parent\" data-id=\"becf6f6\" data-element_type=\"container\" data-e-type=\"container\" data-settings=\"{&quot;background_background&quot;:&quot;classic&quot;}\">\n\t\t\t\t\t<div class=\"e-con-inner\">\n\t\t<div class=\"elementor-element elementor-element-ec1bec0 e-con-full e-flex e-con e-child\" data-id=\"ec1bec0\" data-element_type=\"container\" data-e-type=\"container\" data-settings=\"{&quot;background_background&quot;:&quot;classic&quot;}\">\n\t\t<div class=\"elementor-element elementor-element-ed97557 e-con-full e-flex e-con e-child\" data-id=\"ed97557\" data-element_type=\"container\" data-e-type=\"container\">\n\t\t<div class=\"elementor-element elementor-element-5c21ceb e-con-full e-flex e-con e-child\" data-id=\"5c21ceb\" data-element_type=\"container\" data-e-type=\"container\">\n\t\t\t\t<div class=\"elementor-element elementor-element-8e23f40 elementor-widget elementor-widget-heading\" data-id=\"8e23f40\" data-element_type=\"widget\" data-e-type=\"widget\" data-widget_type=\"heading.default\">\n\t\t\t\t<div class=\"elementor-widget-container\">\n\t\t\t\t\t<h2 class=\"elementor-heading-title elementor-size-default\">Prenumerera p\u00e5 nyheter\nfr\u00e5n oss!\n<\/h2>\t\t\t\t<\/div>\n\t\t\t\t<\/div>\n\t\t\t\t<div class=\"elementor-element elementor-element-5767fe1 elementor-widget elementor-widget-text-editor\" data-id=\"5767fe1\" data-element_type=\"widget\" data-e-type=\"widget\" data-widget_type=\"text-editor.default\">\n\t\t\t\t<div class=\"elementor-widget-container\">\n\t\t\t\t\t\t\t\t\t<p>Ta del av intressanta nyheter, senaste trenderna och fondens utveckling.<\/p>\t\t\t\t\t\t\t\t<\/div>\n\t\t\t\t<\/div>\n\t\t\t\t<\/div>\n\t\t<div class=\"elementor-element elementor-element-98e8288 e-con-full e-flex e-con e-child\" data-id=\"98e8288\" data-element_type=\"container\" data-e-type=\"container\" data-settings=\"{&quot;background_background&quot;:&quot;classic&quot;}\">\n\t\t\t\t<div class=\"elementor-element elementor-element-1b32b3a elementor-widget elementor-widget-html\" data-id=\"1b32b3a\" data-element_type=\"widget\" data-e-type=\"widget\" data-widget_type=\"html.default\">\n\t\t\t\t<div class=\"elementor-widget-container\">\n\t\t\t\t\t<form class=\"subscribe-newsletter-form\" action=\"https:\/\/ui.ungpd.com\/Api\/Subscriptions\/489a8fce-c427-4307-b80a-22746a367295\" method=\"post\">\n    <input name=\"SubscriptionConfirmedUrl\" type=\"hidden\" value=\"https:\/\/rhepa.se\/en\/registration-succeeded\/\" \/>\n\n    <!-- First Name and Last Name Row -->\n    <div class=\"form-row\">\n        <div class=\"subscribe-form-fileld text-field\"><label for=\"contactFirstName\">F\u00f6rnamn:<\/label> <input id=\"contactFirstName\" name=\"Contact[FirstName]\" required=\"\" type=\"text\" class=\"fixed-width\" \/><\/div>\n        <div class=\"subscribe-form-fileld text-field\"><label for=\"contactLastName\">Efternamn:<\/label> <input id=\"contactLastName\" name=\"Contact[LastName]\" required=\"\" type=\"text\" class=\"fixed-width\" \/><\/div>\n    <\/div>\n\n    <!-- Email (Full Width) -->\n    <div class=\"subscribe-form-fileld text-field\"><label for=\"contactEmail\">E-post:<\/label> <input id=\"contactEmail\" name=\"Contact[Email]\" required=\"\" type=\"email\" class=\"full-width\" \/><\/div>\n\n    <!-- Company and Mobile Row -->\n    <div class=\"form-row\">\n        <div class=\"subscribe-form-fileld text-field\"><label for=\"contactCompanyName\">F\u00f6retag:<\/label> <input id=\"contactCompanyName\" name=\"Contact[CompanyName]\" type=\"text\" class=\"fixed-width\" \/><\/div>\n        <div class=\"subscribe-form-fileld text-field\"><label for=\"contactSmsNumber\">Mobilnummer:<\/label> <input id=\"contactSmsNumber\" name=\"Contact[SmsNumber]\" type=\"tel\" class=\"fixed-width\" \/><\/div>\n    <\/div>\n\n    <!-- Job Title (Full Width) -->\n    <div class=\"subscribe-form-fileld text-field\"><label for=\"contactJobTitle\">Titel:<\/label> <input id=\"contactJobTitle\" name=\"Contact[JobTitle]\" type=\"text\" class=\"full-width\" \/><\/div>\n\n    <!-- Newsletter Options Row -->\n    <div class=\"checkbox-row\">\n        <div class=\"subscribe-form-fileld\"><label><input name=\"ListIds\" type=\"checkbox\" value=\"523704cf-4deb-487e-a7e4-36e9866ce2cd\" \/> M\u00e5nadsbrev<\/label><\/div>\n        <div class=\"subscribe-form-fileld\"><label><input name=\"ListIds\" type=\"checkbox\" value=\"91bb8c5f-67f3-4597-8906-967c29d0fa1a\" \/> Webcast \/ Podcast<\/label><\/div>\n    <\/div>\n\n    <!-- Consent Checkbox -->\n<div class=\"subscribe-form-fileld\">\n    <label for=\"contactConsentText\">\n        <input id=\"contactConsentText\" name=\"ConsentText\" required=\"\" type=\"checkbox\" value=\"Jag vill f\u00e5 relevant information fr\u00e5n Rhenman &amp; Partners Asset Management AB till min inkorg. Rhenman &amp; Partners Asset Management AB ska inte dela eller s\u00e4lja min personliga information. Jag kan n\u00e4r som helst avsluta prenumerationen.\" \/> \n        <span class=\"consent-text\">\n            Jag vill f\u00e5 relevant information fr\u00e5n Rhenman & Partners Asset Management AB till min inkorg. Rhenman & Partners Asset Management AB ska inte dela eller s\u00e4lja min personliga information. Jag kan n\u00e4r som helst avsluta prenumerationen.\n        <\/span>\n    <\/label> \n<\/div>\n\n\n    <!-- Submit Button -->\n    <div class=\"subscribe-form-fileld\"><input type=\"submit\" value=\"Anm\u00e4lan\" \/><\/div>\n\n    <!-- Additional Information -->\n    <div class=\"read-more\">Rhenman Healthcare Equity L\/S is only available... <a class=\"read-more\" href=\"https:\/\/rhepa.se\/en\/rhenman-healthcare-equity\/\">Read more &gt;<\/a><\/div>\n<\/form>\n\t\t\t\t<\/div>\n\t\t\t\t<\/div>\n\t\t\t\t<\/div>\n\t\t\t\t<\/div>\n\t\t\t\t<\/div>\n\t\t\t\t\t<\/div>\n\t\t\t\t<\/div>\n\t\t\t\t<\/div>\n\t\t","protected":false},"excerpt":{"rendered":"<p>Prenumerera p\u00e5 nyheter fr\u00e5n oss! Ta del av intressanta nyheter, senaste trenderna och fondens utveckling. F\u00f6rnamn: Efternamn: E-post: F\u00f6retag: Mobilnummer: Titel: M\u00e5nadsbrev Webcast \/ Podcast Jag vill f\u00e5 relevant information fr\u00e5n Rhenman &#038; Partners Asset Management AB till min inkorg. Rhenman &#038; Partners Asset Management AB ska inte dela eller s\u00e4lja min personliga information. Jag [&hellip;]<\/p>\n","protected":false},"author":1,"featured_media":3111,"parent":0,"menu_order":0,"comment_status":"closed","ping_status":"closed","template":"","meta":{"_acf_changed":false,"footnotes":""},"class_list":["post-821","page","type-page","status-publish","has-post-thumbnail","hentry"],"acf":[],"aioseo_notices":[],"_links":{"self":[{"href":"https:\/\/rhepa.se\/en\/wp-json\/wp\/v2\/pages\/821","targetHints":{"allow":["GET"]}}],"collection":[{"href":"https:\/\/rhepa.se\/en\/wp-json\/wp\/v2\/pages"}],"about":[{"href":"https:\/\/rhepa.se\/en\/wp-json\/wp\/v2\/types\/page"}],"author":[{"embeddable":true,"href":"https:\/\/rhepa.se\/en\/wp-json\/wp\/v2\/users\/1"}],"replies":[{"embeddable":true,"href":"https:\/\/rhepa.se\/en\/wp-json\/wp\/v2\/comments?post=821"}],"version-history":[{"count":83,"href":"https:\/\/rhepa.se\/en\/wp-json\/wp\/v2\/pages\/821\/revisions"}],"predecessor-version":[{"id":32160,"href":"https:\/\/rhepa.se\/en\/wp-json\/wp\/v2\/pages\/821\/revisions\/32160"}],"wp:featuredmedia":[{"embeddable":true,"href":"https:\/\/rhepa.se\/en\/wp-json\/wp\/v2\/media\/3111"}],"wp:attachment":[{"href":"https:\/\/rhepa.se\/en\/wp-json\/wp\/v2\/media?parent=821"}],"curies":[{"name":"wp","href":"https:\/\/api.w.org\/{rel}","templated":true}]}}